{"id":2574,"date":"2020-11-17T08:56:10","date_gmt":"2020-11-17T08:56:10","guid":{"rendered":"https:\/\/global.makesense.org\/makesense-contribue-au-projet-ceci\/"},"modified":"2021-06-04T13:57:20","modified_gmt":"2021-06-04T13:57:20","slug":"makesense-contributes-to-the-ceci-project","status":"publish","type":"page","link":"https:\/\/makesense.org\/en\/makesense-contributes-to-the-ceci-project\/","title":{"rendered":"makesense contributes to the ceci project"},"content":{"rendered":"<section class=\"row u-pt-10 u-pr-gutter-xs u-pb-10 u-pl-gutter-xs md:u-pt-24 md:u-pr-gutter-md md:u-pb-24 md:u-pl-gutter-md lg:u-pt-24 lg:u-pr-30 lg:u-pb-24 lg:u-pl-30 u-bg-cerise-dark\">\n\n  \n  <div class=\"row__inner\">\n    <div class=\"u-boxed-content-default\">      \n\n<h1><span class=\"u-text-white\">makesense contributes to the CECI project<\/span><\/h1>\n\n    <\/div>  <\/div>\n\n  <div class=\"row__layer-above\">\n\t\t  <\/div>\n\n<\/section>\n\n<section class=\"row u-pt-0 u-pr-0 u-pb-0 u-pl-0 md:u-pt-0 md:u-pr-0 md:u-pb-0 md:u-pl-0 lg:u-pt-0 lg:u-pr-0 lg:u-pb-0 lg:u-pl-0\">\n\n    <div class=\"row__layer-under\" aria-hidden=\"true\">\n        <div class=\"u-absolute-cover\" style=\" background-image: url(&#039;&#039;); background-position: center center; background-repeat: no-repeat; background-size: cover;\"><\/div>\n      <\/div>\n  \n  <div class=\"row__inner\">\n          \n\n<figure class=\"wp-block-image size-full\"><img loading=\"lazy\" width=\"2560\" height=\"655\" src=\"https:\/\/makesense.org\/wp-content\/uploads\/sites\/4\/2020\/11\/sitewide-screen-picture-copia-7-scaled-1.jpg\" alt=\"\" class=\"wp-image-2559\" srcset=\"https:\/\/makesense.org\/wp-content\/uploads\/sites\/4\/2020\/11\/sitewide-screen-picture-copia-7-scaled-1.jpg 2560w, https:\/\/makesense.org\/wp-content\/uploads\/sites\/4\/2020\/11\/sitewide-screen-picture-copia-7-scaled-1-300x77.jpg 300w, https:\/\/makesense.org\/wp-content\/uploads\/sites\/4\/2020\/11\/sitewide-screen-picture-copia-7-scaled-1-1024x262.jpg 1024w, https:\/\/makesense.org\/wp-content\/uploads\/sites\/4\/2020\/11\/sitewide-screen-picture-copia-7-scaled-1-768x197.jpg 768w, https:\/\/makesense.org\/wp-content\/uploads\/sites\/4\/2020\/11\/sitewide-screen-picture-copia-7-scaled-1-1536x393.jpg 1536w, https:\/\/makesense.org\/wp-content\/uploads\/sites\/4\/2020\/11\/sitewide-screen-picture-copia-7-scaled-1-2048x524.jpg 2048w\" sizes=\"(max-width: 2560px) 100vw, 2560px\" \/><\/figure>\n\n      <\/div>\n\n  <div class=\"row__layer-above\">\n\t\t<div class=\"u-absolute u-left-0 u-w-screen u-top-0\">\n\n\t<svg class=\"u-flip-y u-fill-current u-text-cerise-dark u-hidden md:u-block\" xmlns=\"http:\/\/www.w3.org\/2000\/svg\" width=\"3258\" height=\"10\" viewBox=\"0 0 3258 10\">\n\t\t<path d=\"M0 10L162.9 0l162.9 10zm651.6 0L488.7 0 325.8 10zm325.8 0L814.5 0 651.6 10zm325.8 0L1140.3 0 977.4 10zm325.8 0L1466.1 0l-162.9 10zm325.8 0L1791.9 0 1629 10zm325.8 0L2117.7 0l-162.9 10zm325.8 0L2443.5 0l-162.9 10zm325.8 0L2769.3 0l-162.9 10zm325.8 0L3095.1 0l-162.9 10z\" \/>\n\t<\/svg>\n\n\t<svg class=\"u-flip-y u-fill-current u-text-cerise-dark md:u-hidden\" xmlns=\"http:\/\/www.w3.org\/2000\/svg\" width=\"1040\" height=\"4\" viewBox=\"0 0 1040 4\">\n\t\t<path d=\"M389.8,0L260,4h0h260L389.8,0z M0,4l129.8-4L260,4H0z M520,4l129.8-4L780,4H520z M909.8,0L1040,4H780L909.8,0z\" \/>\n\t<\/svg>\n\n<\/div><div class=\"u-absolute u-left-0 u-w-screen u-bottom-0\">\n\n\t<svg class=\" u-fill-current u-text-parsley u-hidden md:u-block\" xmlns=\"http:\/\/www.w3.org\/2000\/svg\" width=\"3258\" height=\"10\" viewBox=\"0 0 3258 10\">\n\t\t<path d=\"M0 10L162.9 0l162.9 10zm651.6 0L488.7 0 325.8 10zm325.8 0L814.5 0 651.6 10zm325.8 0L1140.3 0 977.4 10zm325.8 0L1466.1 0l-162.9 10zm325.8 0L1791.9 0 1629 10zm325.8 0L2117.7 0l-162.9 10zm325.8 0L2443.5 0l-162.9 10zm325.8 0L2769.3 0l-162.9 10zm325.8 0L3095.1 0l-162.9 10z\" \/>\n\t<\/svg>\n\n\t<svg class=\" u-fill-current u-text-parsley md:u-hidden\" xmlns=\"http:\/\/www.w3.org\/2000\/svg\" width=\"1040\" height=\"4\" viewBox=\"0 0 1040 4\">\n\t\t<path d=\"M389.8,0L260,4h0h260L389.8,0z M0,4l129.8-4L260,4H0z M520,4l129.8-4L780,4H520z M909.8,0L1040,4H780L909.8,0z\" \/>\n\t<\/svg>\n\n<\/div>  <\/div>\n\n<\/section>\n\n<section class=\"row u-pt-10 u-pr-gutter-xs u-pb-10 u-pl-gutter-xs md:u-pt-24 md:u-pr-gutter-md md:u-pb-24 md:u-pl-gutter-md lg:u-pt-24 lg:u-pr-30 lg:u-pb-24 lg:u-pl-30\">\n\n  \n  <div class=\"row__inner\">\n    <div class=\"u-boxed-content-default\">      \n\n<div class=\"wp-block-columns\">\n<div class=\"wp-block-column\">\n<p class=\"u-hyphens-none h3\"><strong><a href=\"https:\/\/www.interregeurope.eu\/ceci\/\" target=\"_blank\" rel=\"noopener\">CECI&nbsp;<\/a>is a 3+1 years collaboration Interreg Europe project between eight partners from six European regions sharing a strong interest to exchange knowledge of services and citizen involvement in circular economy.<\/strong><\/p>\n<p class=\"u-text-style-p-small\"><a href=\"about:blank\">R\u00e9gion<\/a>&nbsp;<a href=\"about:blank\">PACA <\/a>&nbsp;in France<br><a href=\"https:\/\/www.aragon.es\/-\/economia-circular.-proyecto-interreg-ceci\">Gouvernement<\/a>d\u2019Aragon in Spain<br><a href=\"https:\/\/www.mechelen.be\/ceci\">Mechelen municipalit\u00e9<\/a> in Belgium<br><a href=\"about:blank\">Centre d\u2019innovation de Moravie Sil\u00e9sie<\/a> in Czech Republic<br><a href=\"http:\/\/www.vba.bg\/bg\/proekti\/213-ceci-vavlichane-na-grazhdanskoto-obshtestvo-v-prilaganeto-na-kragovata-ikonomika\">Association d\u2019agences commerciales<\/a> in Bulgaria<br><a href=\"http:\/\/www.paijat-hame.fi\/in-english\/ceci\/\">Conseil r\u00e9gional de P\u00e4ij\u00e4t-H\u00e4me<\/a> in Finland<br><a href=\"https:\/\/www.lamk.fi\/en\/project\/citizen-involvement-circular-economy-implementation?navref=main\">Universit\u00e9 Lahti des sciences appliqu\u00e9es<\/a> in Finland<br><a href=\"https:\/\/www.interregeurope.eu\/ceci\/\">Interreg Europe<\/a><\/p>\n<\/div>\n\n\n\n<div class=\"wp-block-column\">\n<figure class=\"wp-block-image size-full\"><img loading=\"lazy\" width=\"1600\" height=\"927\" src=\"https:\/\/makesense.org\/wp-content\/uploads\/sites\/4\/2020\/11\/ceci_master_final-1.png\" alt=\"\" class=\"wp-image-2563\" srcset=\"https:\/\/makesense.org\/wp-content\/uploads\/sites\/4\/2020\/11\/ceci_master_final-1.png 1600w, https:\/\/makesense.org\/wp-content\/uploads\/sites\/4\/2020\/11\/ceci_master_final-1-300x174.png 300w, https:\/\/makesense.org\/wp-content\/uploads\/sites\/4\/2020\/11\/ceci_master_final-1-1024x593.png 1024w, https:\/\/makesense.org\/wp-content\/uploads\/sites\/4\/2020\/11\/ceci_master_final-1-768x445.png 768w, https:\/\/makesense.org\/wp-content\/uploads\/sites\/4\/2020\/11\/ceci_master_final-1-1536x890.png 1536w\" sizes=\"(max-width: 1600px) 100vw, 1600px\" \/><\/figure>\n\n\n\n<div class=\"wp-block-columns\">\n<div class=\"wp-block-column\"><\/div>\n\n\n\n<div class=\"wp-block-column\"><\/div>\n\n\n\n<div class=\"wp-block-column\"><\/div>\n\n\n\n<div class=\"wp-block-column\">\n<div class=\"wp-block-image\"><figure class=\"aligncenter size-large\"><img loading=\"lazy\" width=\"203\" height=\"211\" src=\"https:\/\/makesense.org\/wp-content\/uploads\/sites\/4\/2020\/11\/ms_socialmedias-icons-032.png\" alt=\"\" class=\"wp-image-2569\"\/><\/figure><\/div>\n<\/div>\n\n\n\n<div class=\"wp-block-column\">\n<div class=\"wp-block-image\"><figure class=\"aligncenter size-large\"><img loading=\"lazy\" width=\"203\" height=\"211\" src=\"https:\/\/makesense.org\/wp-content\/uploads\/sites\/4\/2020\/11\/ms_socialmedias-icons-04.png\" alt=\"\" class=\"wp-image-2566\"\/><\/figure><\/div>\n<\/div>\n<\/div>\n<\/div>\n<\/div>\n\n    <\/div>  <\/div>\n\n  <div class=\"row__layer-above\">\n\t\t  <\/div>\n\n<\/section>\n\n<section class=\"row u-pt-10 u-pr-gutter-xs u-pb-10 u-pl-gutter-xs md:u-pt-24 md:u-pr-gutter-md md:u-pb-24 md:u-pl-gutter-md lg:u-pt-30 lg:u-pr-30 lg:u-pb-30 lg:u-pl-30 u-bg-blue-dianne\">\n\n    <div class=\"row__layer-under\" aria-hidden=\"true\">\n        <div class=\"u-absolute-cover u-hidden sm:u-block\" style=\" background-image: url(&#039;https:\/\/makesense.org\/wp-content\/uploads\/sites\/4\/2020\/09\/testrecurso-2-8-1.png&#039;); background-position: left center; background-repeat: no-repeat; background-size: 33% auto;\"><\/div>\n      <\/div>\n  \n  <div class=\"row__inner\">\n          \n\n<div class=\"wp-block-columns\">\n<div class=\"wp-block-column\" style=\"flex-basis:33.3%\"><\/div>\n\n\n\n<div class=\"wp-block-column\" style=\"flex-basis:66.6%\">\n<h3 class=\"u-hyphens-none h3\"><span class=\"u-text-broom\">How does it match our mission<\/span><\/h3>\n<p class=\"u-text-style-p-small\"><span class=\"u-text-white\">We believe multi-stakeholder collaboration is key to building a more inclusive and sustainable society. Helping different regions better understand their common challenges and finetune their public policies to better involve citizens and bring stronger impact make sense to us.<\/span><\/p>\n<p class=\"u-text-style-p-small\"><span class=\"u-text-white\">It broadens the work we started 5 years ago to engage a wide community around circular economy. With our global campaign Future of waste we have organized more than 500 events and training, sourced 3000 projects, designed and shared more than 100 contents and allowed thousands of citizens, entrepreneurs, and organizations to connect, innovate and develop together projects around waste prevention, reuse and recycling.<\/span><\/p>\n<\/div>\n<\/div>\n\n      <\/div>\n\n  <div class=\"row__layer-above\">\n\t\t  <\/div>\n\n<\/section>\n\n<section class=\"row u-pt-10 u-pr-gutter-xs u-pb-10 u-pl-gutter-xs md:u-pt-24 md:u-pr-gutter-md md:u-pb-24 md:u-pl-gutter-md lg:u-pt-24 lg:u-pr-30 lg:u-pb-24 lg:u-pl-30\">\n\n  \n  <div class=\"row__inner\">\n    <div class=\"u-boxed-content-default\">      \n\n<div class=\"wp-block-columns\">\n<div class=\"wp-block-column\" style=\"flex-basis:66.66%\">\n<h3 class=\"u-hyphens-none h3\">How we will contribute?<\/h3>\n<p><\/p>\n<\/div>\n\n\n\n<div class=\"wp-block-column\" style=\"flex-basis:33.33%\"><\/div>\n<\/div>\n\n\n\n<div class=\"wp-block-columns\">\n<div class=\"wp-block-column\">\n<p class=\"u-hyphens-none u-text-style-p-small\"><strong><i>Sharing our vision about citizen involvement:<br><\/i><\/strong>We have been building local and interregional citizen communities for 10 years. We will share key principles and values we believe are necessary to build long lasting collaboration dynamics.&nbsp;<\/p>\n<p class=\"u-hyphens-none u-text-style-p-small\"><strong><i>Sharing skills on group facilitation<br><\/i><\/strong>We will help organize and facilitate semestrial meetings between regional partners that will help them learn from each other but also from other stakeholders.<\/p>\n<\/div>\n\n\n\n<div class=\"wp-block-column\">\n<p class=\"u-hyphens-none u-text-style-p-small\"><strong><i>Sourcing good practices and designing contents<br><\/i><\/strong>We will source and document different initiatives from Europe and the rest of the world to illustrate the full spectrum of tools and strategies involving citizen involvement and circular economy.<\/p>\n<p class=\"u-hyphens-none u-text-style-p-small\"><strong><i>Listening our community<br><\/i><\/strong>If you have an inspiring example you would like to share with us, we would love to know more about the policies, experiences and the theories you have heard of.<\/p>\n<\/div>\n<\/div>\n\n    <\/div>  <\/div>\n\n  <div class=\"row__layer-above\">\n\t\t  <\/div>\n\n<\/section>\n\n<section class=\"row u-pt-10 u-pr-gutter-xs u-pb-10 u-pl-gutter-xs md:u-pt-24 md:u-pr-gutter-md md:u-pb-24 md:u-pl-gutter-md lg:u-pt-24 lg:u-pr-30 lg:u-pb-24 lg:u-pl-30 u-bg-background\">\n\n  \n  <div class=\"row__inner\">\n    <div class=\"u-boxed-content-default\">      \n\n<h4 class=\"u-under-bean\" style=\"text-align: center;\">Our thematic papers<\/h4>\n\n\n<div class=\"space -height-xs-default -height-sm-default -height-md-default -height-lg-default\" aria-hidden=\"true\"><\/div>\n\n\n<div class=\"wp-block-columns\">\n<div class=\"wp-block-column\"><a href=\"https:\/\/makesense.org\/wp-content\/uploads\/sites\/4\/2021\/06\/ceci-involving-citizens-in-circular-economy.pdf\"\n\t target=\"_self\"\n\t \t class=\"card-4 -has-image\"\n\t  style=\"background-image: url(&#039;https:\/\/makesense.org\/wp-content\/uploads\/sites\/4\/2020\/11\/sensecamp-18-logo-23-1-900x1037.jpg&#039;);\">\n\n\t\t<div class=\"card-4__content\">\n\n\t\t\t\t<div class=\"card-4__title u-text-blue-dianne\"><span class=\"u-text-highlighted-white u-box-decoration-break-clone\">Involving citizens in circular economy [EN]<\/span><\/div>\n\t\t\n\t<\/div>\n\t\n<\/a>\n<\/div>\n\n\n\n<div class=\"wp-block-column\"><\/div>\n\n\n\n<div class=\"wp-block-column\"><\/div>\n<\/div>\n\n    <\/div>  <\/div>\n\n  <div class=\"row__layer-above\">\n\t\t  <\/div>\n\n<\/section>\n\n<section class=\"row u-pt-gutter-xs u-pr-gutter-xs u-pb-0 u-pl-gutter-xs md:u-pt-gutter-md md:u-pr-gutter-md md:u-pb-gutter-md md:u-pl-gutter-md lg:u-pt-gutter-md lg:u-pr-30 lg:u-pb-gutter-md lg:u-pl-30\">\n\n  \n  <div class=\"row__inner\">\n    <div class=\"u-boxed-content-default\">      \n<div class=\"group u-pt-0 u-pr-0 u-pb-0 u-pl-0 u-w-1\/4 sm:u-w-1\/4 md:u-w-1\/4 lg:u-w-1\/4\">\n\n\t\n\t<div class=\"group__inner\">\n\t\t\n\n<figure class=\"wp-block-image size-large\"><img loading=\"lazy\" width=\"1024\" height=\"732\" src=\"https:\/\/makesense.org\/wp-content\/uploads\/sites\/4\/2020\/11\/ceci_eu_flag-1024x732.png\" alt=\"\" class=\"wp-image-2572\" srcset=\"https:\/\/makesense.org\/wp-content\/uploads\/sites\/4\/2020\/11\/ceci_eu_flag-1024x732.png 1024w, https:\/\/makesense.org\/wp-content\/uploads\/sites\/4\/2020\/11\/ceci_eu_flag-300x214.png 300w, https:\/\/makesense.org\/wp-content\/uploads\/sites\/4\/2020\/11\/ceci_eu_flag-768x549.png 768w, https:\/\/makesense.org\/wp-content\/uploads\/sites\/4\/2020\/11\/ceci_eu_flag-1536x1098.png 1536w, https:\/\/makesense.org\/wp-content\/uploads\/sites\/4\/2020\/11\/ceci_eu_flag.png 1654w\" sizes=\"(max-width: 1024px) 100vw, 1024px\" \/><\/figure>\n\n\n\t<\/div>\n\n<\/div>\n    <\/div>  <\/div>\n\n  <div class=\"row__layer-above\">\n\t\t  <\/div>\n\n<\/section>","protected":false},"excerpt":{"rendered":"","protected":false},"author":4,"featured_media":2556,"parent":0,"menu_order":0,"comment_status":"closed","ping_status":"closed","template":"","meta":[],"page_type":[],"yoast_head":"<!-- This site is optimized with the Yoast SEO plugin v18.0 - https:\/\/yoast.com\/wordpress\/plugins\/seo\/ -->\n<meta name=\"description\" content=\"A collaboration between eight partners to exchange knowledge of services and citizen involvement in circular economy.\" \/>\n<meta name=\"robots\" content=\"index, follow, max-snippet:-1, max-image-preview:large, max-video-preview:-1\" \/>\n<link rel=\"canonical\" href=\"https:\/\/makesense.org\/en\/makesense-contributes-to-the-ceci-project\/\" \/>\n<meta property=\"og:locale\" content=\"en_US\" \/>\n<meta property=\"og:type\" content=\"article\" \/>\n<meta property=\"og:title\" content=\"makesense contributes to the ceci project - makesense Global\" \/>\n<meta property=\"og:description\" content=\"A collaboration between eight partners to exchange knowledge of services and citizen involvement in circular economy.\" \/>\n<meta property=\"og:url\" content=\"https:\/\/makesense.org\/en\/makesense-contributes-to-the-ceci-project\/\" \/>\n<meta property=\"og:site_name\" content=\"makesense Global\" \/>\n<meta property=\"article:modified_time\" content=\"2021-06-04T13:57:20+00:00\" \/>\n<meta property=\"og:image\" content=\"https:\/\/makesense.org\/wp-content\/uploads\/sites\/4\/2020\/11\/sensecamp-18-logo-23-1.jpg\" \/>\n\t<meta property=\"og:image:width\" content=\"2156\" \/>\n\t<meta property=\"og:image:height\" content=\"1037\" \/>\n\t<meta property=\"og:image:type\" content=\"image\/jpeg\" \/>\n<meta name=\"twitter:card\" content=\"summary_large_image\" \/>\n<meta name=\"twitter:label1\" content=\"Est. reading time\" \/>\n\t<meta name=\"twitter:data1\" content=\"2 minutes\" \/>\n<script type=\"application\/ld+json\" class=\"yoast-schema-graph\">{\"@context\":\"https:\/\/schema.org\",\"@graph\":[{\"@type\":\"Organization\",\"@id\":\"https:\/\/makesense.org\/#organization\",\"name\":\"makesense\",\"url\":\"https:\/\/makesense.org\/\",\"sameAs\":[],\"logo\":{\"@type\":\"ImageObject\",\"@id\":\"https:\/\/makesense.org\/#logo\",\"inLanguage\":\"en-US\",\"url\":\"https:\/\/makesense.org\/wp-content\/uploads\/sites\/4\/2020\/09\/logo-makesense-dark.png\",\"contentUrl\":\"https:\/\/makesense.org\/wp-content\/uploads\/sites\/4\/2020\/09\/logo-makesense-dark.png\",\"width\":683,\"height\":113,\"caption\":\"makesense\"},\"image\":{\"@id\":\"https:\/\/makesense.org\/#logo\"}},{\"@type\":\"WebSite\",\"@id\":\"https:\/\/makesense.org\/#website\",\"url\":\"https:\/\/makesense.org\/\",\"name\":\"makesense Global\",\"description\":\"Let&#039;s change the world\",\"publisher\":{\"@id\":\"https:\/\/makesense.org\/#organization\"},\"potentialAction\":[{\"@type\":\"SearchAction\",\"target\":{\"@type\":\"EntryPoint\",\"urlTemplate\":\"https:\/\/makesense.org\/?s={search_term_string}\"},\"query-input\":\"required name=search_term_string\"}],\"inLanguage\":\"en-US\"},{\"@type\":\"ImageObject\",\"@id\":\"https:\/\/makesense.org\/en\/makesense-contributes-to-the-ceci-project\/#primaryimage\",\"inLanguage\":\"en-US\",\"url\":\"https:\/\/makesense.org\/wp-content\/uploads\/sites\/4\/2020\/11\/sensecamp-18-logo-23-1.jpg\",\"contentUrl\":\"https:\/\/makesense.org\/wp-content\/uploads\/sites\/4\/2020\/11\/sensecamp-18-logo-23-1.jpg\",\"width\":2156,\"height\":1037},{\"@type\":\"WebPage\",\"@id\":\"https:\/\/makesense.org\/en\/makesense-contributes-to-the-ceci-project\/#webpage\",\"url\":\"https:\/\/makesense.org\/en\/makesense-contributes-to-the-ceci-project\/\",\"name\":\"makesense contributes to the ceci project - makesense Global\",\"isPartOf\":{\"@id\":\"https:\/\/makesense.org\/#website\"},\"primaryImageOfPage\":{\"@id\":\"https:\/\/makesense.org\/en\/makesense-contributes-to-the-ceci-project\/#primaryimage\"},\"datePublished\":\"2020-11-17T08:56:10+00:00\",\"dateModified\":\"2021-06-04T13:57:20+00:00\",\"description\":\"A collaboration between eight partners to exchange knowledge of services and citizen involvement in circular economy.\",\"breadcrumb\":{\"@id\":\"https:\/\/makesense.org\/en\/makesense-contributes-to-the-ceci-project\/#breadcrumb\"},\"inLanguage\":\"en-US\",\"potentialAction\":[{\"@type\":\"ReadAction\",\"target\":[\"https:\/\/makesense.org\/en\/makesense-contributes-to-the-ceci-project\/\"]}]},{\"@type\":\"BreadcrumbList\",\"@id\":\"https:\/\/makesense.org\/en\/makesense-contributes-to-the-ceci-project\/#breadcrumb\",\"itemListElement\":[{\"@type\":\"ListItem\",\"position\":1,\"name\":\"Home\",\"item\":\"https:\/\/makesense.org\/en\/\"},{\"@type\":\"ListItem\",\"position\":2,\"name\":\"makesense contributes to the ceci project\"}]}]}<\/script>\n<!-- \/ Yoast SEO plugin. -->","yoast_head_json":{"description":"A collaboration between eight partners to exchange knowledge of services and citizen involvement in circular economy.","robots":{"index":"index","follow":"follow","max-snippet":"max-snippet:-1","max-image-preview":"max-image-preview:large","max-video-preview":"max-video-preview:-1"},"canonical":"https:\/\/makesense.org\/en\/makesense-contributes-to-the-ceci-project\/","og_locale":"en_US","og_type":"article","og_title":"makesense contributes to the ceci project - makesense Global","og_description":"A collaboration between eight partners to exchange knowledge of services and citizen involvement in circular economy.","og_url":"https:\/\/makesense.org\/en\/makesense-contributes-to-the-ceci-project\/","og_site_name":"makesense Global","article_modified_time":"2021-06-04T13:57:20+00:00","og_image":[{"width":2156,"height":1037,"url":"https:\/\/makesense.org\/wp-content\/uploads\/sites\/4\/2020\/11\/sensecamp-18-logo-23-1.jpg","type":"image\/jpeg"}],"twitter_card":"summary_large_image","twitter_misc":{"Est. reading time":"2 minutes"},"schema":{"@context":"https:\/\/schema.org","@graph":[{"@type":"Organization","@id":"https:\/\/makesense.org\/#organization","name":"makesense","url":"https:\/\/makesense.org\/","sameAs":[],"logo":{"@type":"ImageObject","@id":"https:\/\/makesense.org\/#logo","inLanguage":"en-US","url":"https:\/\/makesense.org\/wp-content\/uploads\/sites\/4\/2020\/09\/logo-makesense-dark.png","contentUrl":"https:\/\/makesense.org\/wp-content\/uploads\/sites\/4\/2020\/09\/logo-makesense-dark.png","width":683,"height":113,"caption":"makesense"},"image":{"@id":"https:\/\/makesense.org\/#logo"}},{"@type":"WebSite","@id":"https:\/\/makesense.org\/#website","url":"https:\/\/makesense.org\/","name":"makesense Global","description":"Let&#039;s change the world","publisher":{"@id":"https:\/\/makesense.org\/#organization"},"potentialAction":[{"@type":"SearchAction","target":{"@type":"EntryPoint","urlTemplate":"https:\/\/makesense.org\/?s={search_term_string}"},"query-input":"required name=search_term_string"}],"inLanguage":"en-US"},{"@type":"ImageObject","@id":"https:\/\/makesense.org\/en\/makesense-contributes-to-the-ceci-project\/#primaryimage","inLanguage":"en-US","url":"https:\/\/makesense.org\/wp-content\/uploads\/sites\/4\/2020\/11\/sensecamp-18-logo-23-1.jpg","contentUrl":"https:\/\/makesense.org\/wp-content\/uploads\/sites\/4\/2020\/11\/sensecamp-18-logo-23-1.jpg","width":2156,"height":1037},{"@type":"WebPage","@id":"https:\/\/makesense.org\/en\/makesense-contributes-to-the-ceci-project\/#webpage","url":"https:\/\/makesense.org\/en\/makesense-contributes-to-the-ceci-project\/","name":"makesense contributes to the ceci project - makesense Global","isPartOf":{"@id":"https:\/\/makesense.org\/#website"},"primaryImageOfPage":{"@id":"https:\/\/makesense.org\/en\/makesense-contributes-to-the-ceci-project\/#primaryimage"},"datePublished":"2020-11-17T08:56:10+00:00","dateModified":"2021-06-04T13:57:20+00:00","description":"A collaboration between eight partners to exchange knowledge of services and citizen involvement in circular economy.","breadcrumb":{"@id":"https:\/\/makesense.org\/en\/makesense-contributes-to-the-ceci-project\/#breadcrumb"},"inLanguage":"en-US","potentialAction":[{"@type":"ReadAction","target":["https:\/\/makesense.org\/en\/makesense-contributes-to-the-ceci-project\/"]}]},{"@type":"BreadcrumbList","@id":"https:\/\/makesense.org\/en\/makesense-contributes-to-the-ceci-project\/#breadcrumb","itemListElement":[{"@type":"ListItem","position":1,"name":"Home","item":"https:\/\/makesense.org\/en\/"},{"@type":"ListItem","position":2,"name":"makesense contributes to the ceci project"}]}]}},"acf":[],"_links":{"self":[{"href":"https:\/\/makesense.org\/en\/wp-json\/wp\/v2\/pages\/2574"}],"collection":[{"href":"https:\/\/makesense.org\/en\/wp-json\/wp\/v2\/pages"}],"about":[{"href":"https:\/\/makesense.org\/en\/wp-json\/wp\/v2\/types\/page"}],"author":[{"embeddable":true,"href":"https:\/\/makesense.org\/en\/wp-json\/wp\/v2\/users\/4"}],"replies":[{"embeddable":true,"href":"https:\/\/makesense.org\/en\/wp-json\/wp\/v2\/comments?post=2574"}],"version-history":[{"count":0,"href":"https:\/\/makesense.org\/en\/wp-json\/wp\/v2\/pages\/2574\/revisions"}],"wp:featuredmedia":[{"embeddable":true,"href":"https:\/\/makesense.org\/en\/wp-json\/wp\/v2\/media\/2556"}],"wp:attachment":[{"href":"https:\/\/makesense.org\/en\/wp-json\/wp\/v2\/media?parent=2574"}],"wp:term":[{"taxonomy":"page_type","embeddable":true,"href":"https:\/\/makesense.org\/en\/wp-json\/wp\/v2\/page_type?post=2574"}],"curies":[{"name":"wp","href":"https:\/\/api.w.org\/{rel}","templated":true}]}}