{"id":1766,"date":"2020-09-21T18:14:07","date_gmt":"2020-09-21T18:14:07","guid":{"rendered":"https:\/\/global.makesense.org\/notre-vision\/"},"modified":"2024-01-08T10:44:04","modified_gmt":"2024-01-08T10:44:04","slug":"nuestra-vision","status":"publish","type":"page","link":"https:\/\/makesense.org\/es\/nuestra-vision\/","title":{"rendered":"Nuestra visi\u00f3n"},"content":{"rendered":"<section class=\"row u-pt-10 u-pr-gutter-xs u-pb-10 u-pl-gutter-xs md:u-pt-24 md:u-pr-gutter-md md:u-pb-24 md:u-pl-gutter-md lg:u-pt-24 lg:u-pr-30 lg:u-pb-30 lg:u-pl-30 u-bg-broom\">\n\n    <div class=\"row__layer-under\" aria-hidden=\"true\">\n        <div class=\"u-absolute-cover sm:u-hidden\" style=\" background-image: url(&#039;https:\/\/makesense.org\/wp-content\/uploads\/sites\/4\/2020\/09\/backgtoundyellow.png&#039;); background-position: center center; background-repeat: no-repeat; background-size: cover;\"><\/div>\n        <div class=\"u-absolute-cover u-hidden sm:u-block\" style=\" background-image: url(&#039;https:\/\/makesense.org\/wp-content\/uploads\/sites\/4\/2020\/09\/websiterecurso-4-8.png&#039;); background-position: right bottom; background-repeat: no-repeat; background-size: 33% auto;\"><\/div>\n      <\/div>\n  \n  <div class=\"row__inner\">\n          \n\n<div class=\"wp-block-columns\">\n<div class=\"wp-block-column\" style=\"flex-basis:62.8%\">\n<p class=\"u-text-style-h1-huge\">\u00bfY si\u2026<\/p>\n<p class=\"u-text-style-p-large\">\u2026 vivi\u00e9ramos en un mundo sostenible e inclusivo? \u00bfEn un mundo en el que pudi\u00e9ramos frenar el calentamiento global, distribuir mejor la riqueza, sustituir el individualismo, la competici\u00f3n y el consumismo por la solidaridad, la cooperaci\u00f3n y la salvaguarda de los bienes comunes? \u00bfEn un mundo en el que la imaginaci\u00f3n, la colaboraci\u00f3n y la alegr\u00eda nos permitieran encontrar colectivamente los recursos para afrontar las crisis y escribir un nuevo porvenir? <\/p>\n<\/div>\n\n\n\n<div class=\"wp-block-column\" style=\"flex-basis:33.33%\"><\/div>\n<\/div>\n\n      <\/div>\n\n  <div class=\"row__layer-above\">\n\t\t  <\/div>\n\n<\/section>\n\n<section class=\"row u-pt-10 u-pr-gutter-xs u-pb-0 u-pl-gutter-xs sm:u-pb-10 md:u-pt-24 md:u-pr-gutter-md md:u-pb-gutter-md md:u-pl-gutter-md lg:u-pt-24 lg:u-pr-30 lg:u-pb-0 lg:u-pl-30\">\n\n  \n  <div class=\"row__inner\">\n          \n\n<div class=\"wp-block-columns\">\n<div class=\"wp-block-column\" style=\"flex-basis:66.66%\">\n<p>Esta es la sociedad a la que aspiramos y por la que desplegamos tanta energ\u00eda. Creemos que no hay nada que se resista al compromiso com\u00fan y queremos que todas aquellas personas que defienden estas utop\u00edas se unan a nuetro movimiento.<\/p>\n<h2 class=\"u-text-style-h3\">Tras 10 a\u00f1os, seguimos devolviendo a todas las personas el poder de actuar, y brindando a las buenas ideas los medios para que se lleven a cabo. <\/h2>\n<\/div>\n\n\n\n<div class=\"wp-block-column\" style=\"flex-basis:33.33%\"><\/div>\n<\/div>\n\n      <\/div>\n\n  <div class=\"row__layer-above\">\n\t\t  <\/div>\n\n<\/section>\n\n<section class=\"row u-pt-0 u-pr-gutter-xs u-pb-15 u-pl-gutter-xs md:u-pr-gutter-md md:u-pl-gutter-md lg:u-pt-24 lg:u-pr-30 lg:u-pb-30 lg:u-pl-30\">\n\n  \n  <div class=\"row__inner\">\n          \n\n<div class=\"wp-block-columns\">\n<div class=\"wp-block-column\"><div class=\"card-1 -style-elevated\">\n\n    <figure class=\"card-1__thumbnail\" style=\"background-image: url('https:\/\/makesense.org\/wp-content\/uploads\/sites\/4\/2020\/09\/60511789_855693441459572_273316119396220928_o.jpg');\">\n    <img width=\"150\" height=\"150\" src=\"https:\/\/makesense.org\/wp-content\/uploads\/sites\/4\/2020\/09\/60511789_855693441459572_273316119396220928_o-150x150.jpg\" class=\"u-sr-only\" alt=\"\" loading=\"lazy\" \/>  <\/figure>\n  \t<div class=\"card-1__content\">\n\n    \t\t<div class=\"card-1__title u-text-parsley\">makesense for citizens<\/div>\n        <div class=\"card-1__text formatted-content u-pt-2\">\n      <p>Permitimos que ciudadanas y ciudadanos implementen soluciones concretas en sus cuidades mediante herramientas de movilizaci\u00f3n divertidas, colaborativas y formadoras.<\/p>\n    <\/div>\n    \n\t<\/div>\n\t\n<\/div><\/div>\n\n\n\n<div class=\"wp-block-column\"><div class=\"card-1 -style-elevated\">\n\n    <figure class=\"card-1__thumbnail\" style=\"background-image: url('https:\/\/makesense.org\/wp-content\/uploads\/sites\/4\/2020\/09\/eos_7842.jpg');\">\n    <img width=\"150\" height=\"150\" src=\"https:\/\/makesense.org\/wp-content\/uploads\/sites\/4\/2020\/09\/eos_7842-150x150.jpg\" class=\"u-sr-only\" alt=\"\" loading=\"lazy\" \/>  <\/figure>\n  \t<div class=\"card-1__content\">\n\n    \t\t<div class=\"card-1__title u-text-flame-pea\">makesense for entrepreneurs<\/div>\n        <div class=\"card-1__text formatted-content u-pt-2\">\n      <p>Ofrecemos acompa\u00f1amiento a emprendedores para que puedan idear soluciones sostenibles en nuestras incubadoras y programas, y las financiamos con nuestro fondo d&#8217;inversi\u00f3n.<\/p>\n    <\/div>\n    \n\t<\/div>\n\t\n<\/div><\/div>\n\n\n\n<div class=\"wp-block-column\"><div class=\"card-1 -style-elevated\">\n\n    <figure class=\"card-1__thumbnail\" style=\"background-image: url('https:\/\/makesense.org\/wp-content\/uploads\/sites\/4\/2020\/09\/pat38771908-1.jpg');\">\n    <img width=\"150\" height=\"150\" src=\"https:\/\/makesense.org\/wp-content\/uploads\/sites\/4\/2020\/09\/pat38771908-1-150x150.jpg\" class=\"u-sr-only\" alt=\"\" loading=\"lazy\" \/>  <\/figure>\n  \t<div class=\"card-1__content\">\n\n    \t\t<div class=\"card-1__title u-text-brick-red\">makesense for organisations<\/div>\n        <div class=\"card-1__text formatted-content u-pt-2\">\n      <p><span style=\"font-weight: 400;\">Proporcionamos asesoramiento, formaciones y oportunidades para que organizaciones, empresas, ONG y entes p\u00fablicos puedan transformarse profundamente.<\/span><\/p>\n    <\/div>\n    \n\t<\/div>\n\t\n<\/div><\/div>\n<\/div>\n\n      <\/div>\n\n  <div class=\"row__layer-above\">\n\t\t  <\/div>\n\n<\/section>\n\n<section class=\"row u-pt-10 u-pr-gutter-xs u-pb-10 u-pl-gutter-xs md:u-pt-24 md:u-pr-gutter-md md:u-pb-24 md:u-pl-gutter-md lg:u-pt-24 lg:u-pr-30 lg:u-pb-30 lg:u-pl-30 u-bg-broom\">\n\n  \n  <div class=\"row__inner\">\n          \n<div class=\"testimonial\">\n\n  <blockquote class=\"testimonial__blockquote\">\n\n\t  <p><span style=\"font-weight: 400;\">Cuando empezamos a actuar, la esperanza lo abarca todo. De modo que, en lugar de esperar, <strong>busquemos la acci\u00f3n<\/strong>. Solo entonces habr\u00e1 esperanza.<\/span><\/p>\n\n    <footer class=\"testimonial__blockquote__footer\">\n\t    <div class=\"testimonial__name\">Greta Thunberg<\/div>\n\t        <\/footer>\n\n  <\/blockquote>\n\n  <img width=\"400\" height=\"400\" src=\"https:\/\/makesense.org\/wp-content\/uploads\/sites\/4\/2020\/09\/testquote.png\" class=\"testimonial__avatar\" alt=\"\" loading=\"lazy\" srcset=\"https:\/\/makesense.org\/wp-content\/uploads\/sites\/4\/2020\/09\/testquote.png 400w, https:\/\/makesense.org\/wp-content\/uploads\/sites\/4\/2020\/09\/testquote-300x300.png 300w, https:\/\/makesense.org\/wp-content\/uploads\/sites\/4\/2020\/09\/testquote-150x150.png 150w\" sizes=\"(max-width: 400px) 100vw, 400px\" \/>\n<\/div>\n      <\/div>\n\n  <div class=\"row__layer-above\">\n\t\t<div class=\"u-absolute u-left-0 u-w-screen u-bottom-full\">\n\n\t<svg class=\" u-fill-current u-text-broom u-hidden md:u-block\" xmlns=\"http:\/\/www.w3.org\/2000\/svg\" width=\"3258\" height=\"10\" viewBox=\"0 0 3258 10\">\n\t\t<path d=\"M0 10L162.9 0l162.9 10zm651.6 0L488.7 0 325.8 10zm325.8 0L814.5 0 651.6 10zm325.8 0L1140.3 0 977.4 10zm325.8 0L1466.1 0l-162.9 10zm325.8 0L1791.9 0 1629 10zm325.8 0L2117.7 0l-162.9 10zm325.8 0L2443.5 0l-162.9 10zm325.8 0L2769.3 0l-162.9 10zm325.8 0L3095.1 0l-162.9 10z\" \/>\n\t<\/svg>\n\n\t<svg class=\" u-fill-current u-text-broom md:u-hidden\" xmlns=\"http:\/\/www.w3.org\/2000\/svg\" width=\"1040\" height=\"4\" viewBox=\"0 0 1040 4\">\n\t\t<path d=\"M389.8,0L260,4h0h260L389.8,0z M0,4l129.8-4L260,4H0z M520,4l129.8-4L780,4H520z M909.8,0L1040,4H780L909.8,0z\" \/>\n\t<\/svg>\n\n<\/div><div class=\"u-absolute u-left-0 u-w-screen u-bottom-0\">\n\n\t<svg class=\" u-fill-current u-text-blue-dianne u-hidden md:u-block\" xmlns=\"http:\/\/www.w3.org\/2000\/svg\" width=\"3258\" height=\"10\" viewBox=\"0 0 3258 10\">\n\t\t<path d=\"M0 10L162.9 0l162.9 10zm651.6 0L488.7 0 325.8 10zm325.8 0L814.5 0 651.6 10zm325.8 0L1140.3 0 977.4 10zm325.8 0L1466.1 0l-162.9 10zm325.8 0L1791.9 0 1629 10zm325.8 0L2117.7 0l-162.9 10zm325.8 0L2443.5 0l-162.9 10zm325.8 0L2769.3 0l-162.9 10zm325.8 0L3095.1 0l-162.9 10z\" \/>\n\t<\/svg>\n\n\t<svg class=\" u-fill-current u-text-blue-dianne md:u-hidden\" xmlns=\"http:\/\/www.w3.org\/2000\/svg\" width=\"1040\" height=\"4\" viewBox=\"0 0 1040 4\">\n\t\t<path d=\"M389.8,0L260,4h0h260L389.8,0z M0,4l129.8-4L260,4H0z M520,4l129.8-4L780,4H520z M909.8,0L1040,4H780L909.8,0z\" \/>\n\t<\/svg>\n\n<\/div>  <\/div>\n\n<\/section>\n\n<section class=\"row u-pt-10 u-pr-gutter-xs u-pb-10 u-pl-gutter-xs md:u-pt-24 md:u-pr-gutter-md md:u-pb-24 md:u-pl-gutter-md lg:u-pt-30 lg:u-pr-30 lg:u-pb-30 lg:u-pl-30 u-bg-blue-dianne\">\n\n  \n  <div class=\"row__inner\">\n          \n\n<div class=\"wp-block-columns\">\n<div class=\"wp-block-column\" style=\"flex-basis:66.66%\">\n<h3><span class=\"u-text-broom\">Nuestro enfoque<\/span><\/h3>\n<h3 class=\"u-text-style-h2\"><span class=\"u-text-white\">Entre colaboraci\u00f3n e inteligencia colectiva<\/span><\/h3>\n<p class=\"u-text-style-p-large\"><span class=\"u-text-white u-font-light\"><span style=\"font-weight: 400;\">Si bien es dif\u00edcil predecir el futuro (no tenemos una bola de cristal) y resulta muy poco probable que todo salga como lo ten\u00edamos previsto, sabemos con certeza que \u00a1la transici\u00f3n ecol\u00f3gica y social ser\u00e1 colectiva o no ser\u00e1! Para lograrla, el planteamiento y las herramientas que utilizamos permiten que todas las personas se movilicen. <br><\/span><\/span><\/p>\n<\/div>\n\n\n\n<div class=\"wp-block-column\" style=\"flex-basis:22%\"><\/div>\n<\/div>\n\n      <\/div>\n\n  <div class=\"row__layer-above\">\n\t\t  <\/div>\n\n<\/section>\n\n<section class=\"row u-pt-10 u-pr-gutter-xs u-pb-10 u-pl-gutter-xs md:u-pt-24 md:u-pr-gutter-md md:u-pb-24 md:u-pl-gutter-md lg:u-pt-30 lg:u-pr-30 lg:u-pb-30 lg:u-pl-30 u-bg-background\">\n\n  \n  <div class=\"row__inner\">\n          \n\n<div class=\"wp-block-columns\">\n<div class=\"wp-block-column\" style=\"flex-basis:66.66%\">\n<h2 class=\"u-text-style-h1\"><span class=\"u-text-parsley\">Creemos&#8230;<\/span><\/h2>\n<\/div>\n\n\n\n<div class=\"wp-block-column\" style=\"flex-basis:33.33%\"><\/div>\n<\/div>\n\n\n\n<div class=\"wp-block-columns\">\n<div class=\"wp-block-column\">\n<p style=\"text-align: left;\">Que nuestra capacidad para <strong>trabajar en equipo<\/strong> permite resolver desaf\u00edos colectivos.<\/p>\n<p>Que un grupo de personas sobre el terreno puede aportar m\u00e1s <strong>soluciones concretas<\/strong> que un informe internacional aislado.<\/p>\n<p><span style=\"font-weight: 400;\">Que la <strong>colaboraci\u00f3n y la puesta en com\u00fan<\/strong> permiten ir m\u00e1s lejos que la patente y la propiedad privada.<\/span><\/p>\n<\/div>\n\n\n\n<div class=\"wp-block-column\">\n<p><span style=\"font-weight: 400;\">Que la <strong>inteligencia colectiva<\/strong> abre las puertas a nuevas soluciones.<\/span><\/p>\n<p><span style=\"font-weight: 400;\">Que la movilizaci\u00f3n es plena cuando las personas entienden y se emocionan por <strong>los retos<\/strong> que tienen que vencer.<\/span><\/p>\n<p><span style=\"font-weight: 400;\">Que la <strong>capacitaci\u00f3n<\/strong> para que las personas act\u00faen devuelve poder y esperanza.<\/span><\/p>\n<\/div>\n<\/div>\n\n      <\/div>\n\n  <div class=\"row__layer-above\">\n\t\t  <\/div>\n\n<\/section>\n\n<section class=\"row u-pt-10 u-pr-gutter-xs u-pb-gutter-xs u-pl-gutter-xs sm:u-pb-gutter-xs md:u-pt-24 md:u-pr-gutter-md md:u-pb-gutter-md md:u-pl-gutter-md lg:u-pt-24 lg:u-pr-30 lg:u-pb-gutter-md lg:u-pl-30\">\n\n  \n  <div class=\"row__inner\">\n    <div class=\"u-boxed-content-small\">      \n\n<p class=\"u-text-style-p-large\" style=\"text-align: center;\">De Manila a Burdeos, de Beirut a Puebla, cada persona desempe\u00f1a un papel para afrontar los desaf\u00edos sociales y medioambientales.<\/p>\n<p class=\"u-text-style-h4\" style=\"text-align: center;\">Solo si permanecemos unidos, todos juntos, podremos cambiar de mundo.<\/p>\n\n    <\/div>  <\/div>\n\n  <div class=\"row__layer-above\">\n\t\t  <\/div>\n\n<\/section>\n\n\n<div class=\"wp-block-image\"><figure class=\"aligncenter size-large\"><img loading=\"lazy\" width=\"1024\" height=\"385\" src=\"https:\/\/makesense.org\/wp-content\/uploads\/sites\/4\/2020\/11\/sitemesa-de-trabajo-1-copia-4-1024x385.png\" alt=\"\" class=\"wp-image-1785\" srcset=\"https:\/\/makesense.org\/wp-content\/uploads\/sites\/4\/2020\/11\/sitemesa-de-trabajo-1-copia-4-1024x385.png 1024w, https:\/\/makesense.org\/wp-content\/uploads\/sites\/4\/2020\/11\/sitemesa-de-trabajo-1-copia-4-300x113.png 300w, https:\/\/makesense.org\/wp-content\/uploads\/sites\/4\/2020\/11\/sitemesa-de-trabajo-1-copia-4-768x289.png 768w, https:\/\/makesense.org\/wp-content\/uploads\/sites\/4\/2020\/11\/sitemesa-de-trabajo-1-copia-4-1536x577.png 1536w, https:\/\/makesense.org\/wp-content\/uploads\/sites\/4\/2020\/11\/sitemesa-de-trabajo-1-copia-4-2048x770.png 2048w\" sizes=\"(max-width: 1024px) 100vw, 1024px\" \/><\/figure><\/div>\n\n\n<div class=\"space -height-xs-large -height-sm-large -height-md-large -height-lg-large\" aria-hidden=\"true\"><\/div>","protected":false},"excerpt":{"rendered":"","protected":false},"author":4,"featured_media":1768,"parent":0,"menu_order":0,"comment_status":"closed","ping_status":"closed","template":"","meta":[],"page_type":[],"yoast_head":"<!-- This site is optimized with the Yoast SEO plugin v18.0 - https:\/\/yoast.com\/wordpress\/plugins\/seo\/ -->\n<meta name=\"description\" content=\"Tras 10 a\u00f1os, makesense sigue creando herramientas y programas de movilizaci\u00f3n colectiva para que todas las personas puedan actuar y construir una sociedad inclusiva y sostenible.\" \/>\n<meta name=\"robots\" content=\"index, follow, max-snippet:-1, max-image-preview:large, max-video-preview:-1\" \/>\n<link rel=\"canonical\" href=\"https:\/\/makesense.org\/es\/nuestra-vision\/\" \/>\n<meta property=\"og:locale\" content=\"es_ES\" \/>\n<meta property=\"og:type\" content=\"article\" \/>\n<meta property=\"og:title\" content=\"Nuestra visi\u00f3n - makesense Global\" \/>\n<meta property=\"og:description\" content=\"Tras 10 a\u00f1os, makesense sigue creando herramientas y programas de movilizaci\u00f3n colectiva para que todas las personas puedan actuar y construir una sociedad inclusiva y sostenible.\" \/>\n<meta property=\"og:url\" content=\"https:\/\/makesense.org\/es\/nuestra-vision\/\" \/>\n<meta property=\"og:site_name\" content=\"makesense Global\" \/>\n<meta property=\"article:modified_time\" content=\"2024-01-08T10:44:04+00:00\" \/>\n<meta property=\"og:image\" content=\"https:\/\/makesense.org\/wp-content\/uploads\/sites\/4\/2020\/09\/vision.png\" \/>\n\t<meta property=\"og:image:width\" content=\"1200\" \/>\n\t<meta property=\"og:image:height\" content=\"675\" \/>\n\t<meta property=\"og:image:type\" content=\"image\/png\" \/>\n<meta name=\"twitter:card\" content=\"summary_large_image\" \/>\n<meta name=\"twitter:description\" content=\"Tras 10 a\u00f1os, makesense sigue creando herramientas y programas de movilizaci\u00f3n colectiva para que todas las personas puedan actuar y construir una sociedad inclusiva y sostenible.\" \/>\n<meta name=\"twitter:label1\" content=\"Tiempo de lectura\" \/>\n\t<meta name=\"twitter:data1\" content=\"2 minutos\" \/>\n<script type=\"application\/ld+json\" class=\"yoast-schema-graph\">{\"@context\":\"https:\/\/schema.org\",\"@graph\":[{\"@type\":\"Organization\",\"@id\":\"https:\/\/makesense.org\/#organization\",\"name\":\"makesense\",\"url\":\"https:\/\/makesense.org\/\",\"sameAs\":[],\"logo\":{\"@type\":\"ImageObject\",\"@id\":\"https:\/\/makesense.org\/#logo\",\"inLanguage\":\"es\",\"url\":\"https:\/\/makesense.org\/wp-content\/uploads\/sites\/4\/2020\/09\/logo-makesense-dark.png\",\"contentUrl\":\"https:\/\/makesense.org\/wp-content\/uploads\/sites\/4\/2020\/09\/logo-makesense-dark.png\",\"width\":683,\"height\":113,\"caption\":\"makesense\"},\"image\":{\"@id\":\"https:\/\/makesense.org\/#logo\"}},{\"@type\":\"WebSite\",\"@id\":\"https:\/\/makesense.org\/#website\",\"url\":\"https:\/\/makesense.org\/\",\"name\":\"makesense Global\",\"description\":\"Cambiemos el mundo!\",\"publisher\":{\"@id\":\"https:\/\/makesense.org\/#organization\"},\"potentialAction\":[{\"@type\":\"SearchAction\",\"target\":{\"@type\":\"EntryPoint\",\"urlTemplate\":\"https:\/\/makesense.org\/?s={search_term_string}\"},\"query-input\":\"required name=search_term_string\"}],\"inLanguage\":\"es\"},{\"@type\":\"ImageObject\",\"@id\":\"https:\/\/makesense.org\/es\/nuestra-vision\/#primaryimage\",\"inLanguage\":\"es\",\"url\":\"https:\/\/makesense.org\/wp-content\/uploads\/sites\/4\/2020\/09\/vision.png\",\"contentUrl\":\"https:\/\/makesense.org\/wp-content\/uploads\/sites\/4\/2020\/09\/vision.png\",\"width\":1200,\"height\":675},{\"@type\":\"WebPage\",\"@id\":\"https:\/\/makesense.org\/es\/nuestra-vision\/#webpage\",\"url\":\"https:\/\/makesense.org\/es\/nuestra-vision\/\",\"name\":\"Nuestra visi\u00f3n - makesense Global\",\"isPartOf\":{\"@id\":\"https:\/\/makesense.org\/#website\"},\"primaryImageOfPage\":{\"@id\":\"https:\/\/makesense.org\/es\/nuestra-vision\/#primaryimage\"},\"datePublished\":\"2020-09-21T18:14:07+00:00\",\"dateModified\":\"2024-01-08T10:44:04+00:00\",\"description\":\"Tras 10 a\u00f1os, makesense sigue creando herramientas y programas de movilizaci\u00f3n colectiva para que todas las personas puedan actuar y construir una sociedad inclusiva y sostenible.\",\"breadcrumb\":{\"@id\":\"https:\/\/makesense.org\/es\/nuestra-vision\/#breadcrumb\"},\"inLanguage\":\"es\",\"potentialAction\":[{\"@type\":\"ReadAction\",\"target\":[\"https:\/\/makesense.org\/es\/nuestra-vision\/\"]}]},{\"@type\":\"BreadcrumbList\",\"@id\":\"https:\/\/makesense.org\/es\/nuestra-vision\/#breadcrumb\",\"itemListElement\":[{\"@type\":\"ListItem\",\"position\":1,\"name\":\"Home\",\"item\":\"https:\/\/makesense.org\/es\/\"},{\"@type\":\"ListItem\",\"position\":2,\"name\":\"Nuestra visi\u00f3n\"}]}]}<\/script>\n<!-- \/ Yoast SEO plugin. -->","yoast_head_json":{"description":"Tras 10 a\u00f1os, makesense sigue creando herramientas y programas de movilizaci\u00f3n colectiva para que todas las personas puedan actuar y construir una sociedad inclusiva y sostenible.","robots":{"index":"index","follow":"follow","max-snippet":"max-snippet:-1","max-image-preview":"max-image-preview:large","max-video-preview":"max-video-preview:-1"},"canonical":"https:\/\/makesense.org\/es\/nuestra-vision\/","og_locale":"es_ES","og_type":"article","og_title":"Nuestra visi\u00f3n - makesense Global","og_description":"Tras 10 a\u00f1os, makesense sigue creando herramientas y programas de movilizaci\u00f3n colectiva para que todas las personas puedan actuar y construir una sociedad inclusiva y sostenible.","og_url":"https:\/\/makesense.org\/es\/nuestra-vision\/","og_site_name":"makesense Global","article_modified_time":"2024-01-08T10:44:04+00:00","og_image":[{"width":1200,"height":675,"url":"https:\/\/makesense.org\/wp-content\/uploads\/sites\/4\/2020\/09\/vision.png","type":"image\/png"}],"twitter_card":"summary_large_image","twitter_description":"Tras 10 a\u00f1os, makesense sigue creando herramientas y programas de movilizaci\u00f3n colectiva para que todas las personas puedan actuar y construir una sociedad inclusiva y sostenible.","twitter_misc":{"Tiempo de lectura":"2 minutos"},"schema":{"@context":"https:\/\/schema.org","@graph":[{"@type":"Organization","@id":"https:\/\/makesense.org\/#organization","name":"makesense","url":"https:\/\/makesense.org\/","sameAs":[],"logo":{"@type":"ImageObject","@id":"https:\/\/makesense.org\/#logo","inLanguage":"es","url":"https:\/\/makesense.org\/wp-content\/uploads\/sites\/4\/2020\/09\/logo-makesense-dark.png","contentUrl":"https:\/\/makesense.org\/wp-content\/uploads\/sites\/4\/2020\/09\/logo-makesense-dark.png","width":683,"height":113,"caption":"makesense"},"image":{"@id":"https:\/\/makesense.org\/#logo"}},{"@type":"WebSite","@id":"https:\/\/makesense.org\/#website","url":"https:\/\/makesense.org\/","name":"makesense Global","description":"Cambiemos el mundo!","publisher":{"@id":"https:\/\/makesense.org\/#organization"},"potentialAction":[{"@type":"SearchAction","target":{"@type":"EntryPoint","urlTemplate":"https:\/\/makesense.org\/?s={search_term_string}"},"query-input":"required name=search_term_string"}],"inLanguage":"es"},{"@type":"ImageObject","@id":"https:\/\/makesense.org\/es\/nuestra-vision\/#primaryimage","inLanguage":"es","url":"https:\/\/makesense.org\/wp-content\/uploads\/sites\/4\/2020\/09\/vision.png","contentUrl":"https:\/\/makesense.org\/wp-content\/uploads\/sites\/4\/2020\/09\/vision.png","width":1200,"height":675},{"@type":"WebPage","@id":"https:\/\/makesense.org\/es\/nuestra-vision\/#webpage","url":"https:\/\/makesense.org\/es\/nuestra-vision\/","name":"Nuestra visi\u00f3n - makesense Global","isPartOf":{"@id":"https:\/\/makesense.org\/#website"},"primaryImageOfPage":{"@id":"https:\/\/makesense.org\/es\/nuestra-vision\/#primaryimage"},"datePublished":"2020-09-21T18:14:07+00:00","dateModified":"2024-01-08T10:44:04+00:00","description":"Tras 10 a\u00f1os, makesense sigue creando herramientas y programas de movilizaci\u00f3n colectiva para que todas las personas puedan actuar y construir una sociedad inclusiva y sostenible.","breadcrumb":{"@id":"https:\/\/makesense.org\/es\/nuestra-vision\/#breadcrumb"},"inLanguage":"es","potentialAction":[{"@type":"ReadAction","target":["https:\/\/makesense.org\/es\/nuestra-vision\/"]}]},{"@type":"BreadcrumbList","@id":"https:\/\/makesense.org\/es\/nuestra-vision\/#breadcrumb","itemListElement":[{"@type":"ListItem","position":1,"name":"Home","item":"https:\/\/makesense.org\/es\/"},{"@type":"ListItem","position":2,"name":"Nuestra visi\u00f3n"}]}]}},"acf":[],"_links":{"self":[{"href":"https:\/\/makesense.org\/es\/wp-json\/wp\/v2\/pages\/1766"}],"collection":[{"href":"https:\/\/makesense.org\/es\/wp-json\/wp\/v2\/pages"}],"about":[{"href":"https:\/\/makesense.org\/es\/wp-json\/wp\/v2\/types\/page"}],"author":[{"embeddable":true,"href":"https:\/\/makesense.org\/es\/wp-json\/wp\/v2\/users\/4"}],"replies":[{"embeddable":true,"href":"https:\/\/makesense.org\/es\/wp-json\/wp\/v2\/comments?post=1766"}],"version-history":[{"count":0,"href":"https:\/\/makesense.org\/es\/wp-json\/wp\/v2\/pages\/1766\/revisions"}],"wp:featuredmedia":[{"embeddable":true,"href":"https:\/\/makesense.org\/es\/wp-json\/wp\/v2\/media\/1768"}],"wp:attachment":[{"href":"https:\/\/makesense.org\/es\/wp-json\/wp\/v2\/media?parent=1766"}],"wp:term":[{"taxonomy":"page_type","embeddable":true,"href":"https:\/\/makesense.org\/es\/wp-json\/wp\/v2\/page_type?post=1766"}],"curies":[{"name":"wp","href":"https:\/\/api.w.org\/{rel}","templated":true}]}}