{"id":1789,"date":"2020-09-25T07:43:20","date_gmt":"2020-09-25T07:43:20","guid":{"rendered":"https:\/\/global.makesense.org\/nos-missions\/"},"modified":"2026-05-07T13:57:21","modified_gmt":"2026-05-07T13:57:21","slug":"nuestra-mision","status":"publish","type":"page","link":"https:\/\/makesense.org\/es\/nuestra-mision\/","title":{"rendered":"Nuestra misi\u00f3n"},"content":{"rendered":"<section class=\"row  -has-hero-paddings \" >\n\n  <div class=\"row__bg  u-bg-dark-nest\" style=\"\"><\/div>\n\n  \n  <div class=\"row__inner\">\n    <div class=\"u-boxed-content-medium\">      \n<div class=\"space -height-xs-default -height-sm-default -height-md-default -height-lg-default\" aria-hidden=\"true\"><\/div>\n\n\n<h1><span class=\"u-text-broom\">(re)Empoderar<br \/><\/span><\/h1>\n\n\n\n<p class=\"u-text-style-p-large\"><span class=\"u-text-white\">Es lo que desde siempre nos ha motivado: empoderar a todas las personas. Nuestros programas hacen posible que todos los actores sociales puedan proveerse de habilidades y competencias, y trabajar en equipo. \u00bfEl objetivo? Cambiar el sistema para cambiar el mundo.<\/span><\/p>\n\n      <\/div>  <\/div>\n\n  <div class=\"row__layer-above\">\n      <\/div>\n\n  <\/section>\n\n\n<section class=\"row u-pt-0 u-pr-0 u-pb-0 u-pl-0 md:u-pt-0 md:u-pr-0 md:u-pb-0 md:u-pl-0 lg:u-pt-0 lg:u-pr-0 lg:u-pb-0 lg:u-pl-0 \" >\n\n  <div class=\"row__bg \" style=\"\"><\/div>\n\n      <div class=\"row__layer-under\" aria-hidden=\"true\">\n              <div class=\"u-absolute-cover\" style=\" background-image: url(&#039;&#039;); background-position: center center; background-repeat: no-repeat; background-size: cover;\"><\/div>\n          <\/div>\n  \n  <div class=\"row__inner\">\n          \n\n<figure class=\"wp-block-image size-full\"><img loading=\"lazy\" width=\"2560\" height=\"780\" src=\"https:\/\/makesense.org\/wp-content\/uploads\/sites\/4\/2026\/05\/e-scaled.jpg\" alt=\"\" class=\"wp-image-2832\" srcset=\"https:\/\/makesense.org\/wp-content\/uploads\/sites\/4\/2026\/05\/e-scaled.jpg 2560w, https:\/\/makesense.org\/wp-content\/uploads\/sites\/4\/2026\/05\/e-300x91.jpg 300w, https:\/\/makesense.org\/wp-content\/uploads\/sites\/4\/2026\/05\/e-1024x312.jpg 1024w, https:\/\/makesense.org\/wp-content\/uploads\/sites\/4\/2026\/05\/e-768x234.jpg 768w, https:\/\/makesense.org\/wp-content\/uploads\/sites\/4\/2026\/05\/e-1536x468.jpg 1536w, https:\/\/makesense.org\/wp-content\/uploads\/sites\/4\/2026\/05\/e-2048x624.jpg 2048w\" sizes=\"(max-width: 2560px) 100vw, 2560px\" \/><\/figure>\n\n        <\/div>\n\n  <div class=\"row__layer-above\">\n      <\/div>\n\n  <\/section>\n\n\n<section id=\"citizens\" class=\"row u-pt-10 u-pr-gutter-xs u-pb-10 u-pl-gutter-xs md:u-pt-gutter-md md:u-pr-gutter-md md:u-pb-24 md:u-pl-gutter-md lg:u-pt-24 lg:u-pr-30 lg:u-pb-24 lg:u-pl-30 \" >\n\n  <div class=\"row__bg  u-bg-dark-nest\" style=\"\"><\/div>\n\n  \n  <div class=\"row__inner\">\n    <div class=\"u-boxed-content-medium\">      \n\n<div class=\"wp-block-columns\">\n<div class=\"wp-block-column\" style=\"flex-basis:100%\">\n<div class=\"wp-block-columns are-vertically-aligned-bottom\">\n<div class=\"wp-block-column is-vertically-aligned-bottom\" style=\"flex-basis:49.3%\">\n<h2><span class=\"u-text-atlantis u-text-beach\">makesense for citizens<\/span><\/h2>\n<p><span class=\"u-text-white\">\u00bfC\u00f3mo podemos actuar sobre cuestiones medioambientales y sociales si no sabemos por d\u00f3nde empezar?<\/span><\/p>\n<p><span class=\"u-text-white\">makesense desarrolla programas espec\u00edficos de compromiso que permiten a cada persona poner en marcha su propia transici\u00f3n y encontrar compa\u00f1eras y compa\u00f1eros con quienes llevarla a cabo. Seg\u00fan el formato, la experiencia puede durar dos horas, dos semanas o dos meses. Nuestros dispositivos van dirigidos tanto a principiantes como a aquellas personas que ya llevan tiempo comprometidas y pasan de la concienciaci\u00f3n individual a la movilizaci\u00f3n colectiva.<\/span><\/p>\n<\/div>\n\n\n\n<div class=\"wp-block-column is-vertically-aligned-bottom\"><div class=\"card-2 -has-image\">\n\t<div class=\"card-2__inner\">\n\n\t\t<img width=\"835\" height=\"834\" src=\"https:\/\/makesense.org\/wp-content\/uploads\/sites\/4\/2020\/09\/reaction-logo_.png\" class=\"card-2__image\" alt=\"\" loading=\"lazy\" srcset=\"https:\/\/makesense.org\/wp-content\/uploads\/sites\/4\/2020\/09\/reaction-logo_.png 835w, https:\/\/makesense.org\/wp-content\/uploads\/sites\/4\/2020\/09\/reaction-logo_-300x300.png 300w, https:\/\/makesense.org\/wp-content\/uploads\/sites\/4\/2020\/09\/reaction-logo_-150x150.png 150w, https:\/\/makesense.org\/wp-content\/uploads\/sites\/4\/2020\/09\/reaction-logo_-768x767.png 768w\" sizes=\"(max-width: 835px) 100vw, 835px\" \/>\t\t\t<div class=\"card-2__content\">\n\n\t\t\t\t\t\t\t\t\t<div class=\"card-2__text formatted-content\">\n\t\t\t\t\t\t<p style=\"text-align: center;\">En 2020, en plena crisis por la COVID-19, 8 000 ciudadanos actuaron para ayudar a las personas m\u00e1s vulnerables: personas mayores, personas sin hogar y personal sanitario.<\/p>\n<p><\/p>\n\t\t\t\t\t<\/div>\n\t\t\t\t\n\t\t\t<\/div>\n\t\t\n\t<\/div>\n<\/div>\n<\/div>\n<\/div>\n<\/div>\n<\/div>\n\n      <\/div>  <\/div>\n\n  <div class=\"row__layer-above\">\n      <\/div>\n\n  <\/section>\n\n\n<section id=\"entrepreneurs\" class=\"row u-pt-10 u-pr-gutter-xs u-pb-10 u-pl-gutter-xs md:u-pt-gutter-md md:u-pr-gutter-md md:u-pb-24 md:u-pl-gutter-md lg:u-pt-24 lg:u-pr-30 lg:u-pb-24 lg:u-pl-30 \" >\n\n  <div class=\"row__bg  u-bg-sun\" style=\"\"><\/div>\n\n  \n  <div class=\"row__inner\">\n    <div class=\"u-boxed-content-medium\">      \n\n<div class=\"wp-block-columns\">\n<div class=\"wp-block-column\" style=\"flex-basis:100%\">\n<div class=\"wp-block-columns are-vertically-aligned-bottom\">\n<div class=\"wp-block-column is-vertically-aligned-bottom\" style=\"flex-basis:49.3%\">\n<h2>makesense for entrepreneurs<\/h2>\n<p>En makesense creemos que la innovaci\u00f3n social permite dar nuevas respuestas a las cuestiones m\u00e1s urgentes del siglo XXI. makesense ofrece a emprendedores sociales un acompa\u00f1amiento estrat\u00e9gico individualizado, acceso a nuestro ecosistema y a nuestra incubadora, financiaci\u00f3n, as\u00ed como credibilidad sea cual sea su \u00e1mbito de acci\u00f3n (alimentaci\u00f3n, v\u00ednculo intergeneracional, residuos, agua potable, acogida de inmigrantes, educaci\u00f3n\u2026).<\/p>\n<\/div>\n\n\n\n<div class=\"wp-block-column is-vertically-aligned-bottom\"><div class=\"card-2 -has-image\">\n\t<div class=\"card-2__inner\">\n\n\t\t<img width=\"835\" height=\"834\" src=\"https:\/\/makesense.org\/wp-content\/uploads\/sites\/4\/2020\/09\/websitequote.png\" class=\"card-2__image\" alt=\"\" loading=\"lazy\" srcset=\"https:\/\/makesense.org\/wp-content\/uploads\/sites\/4\/2020\/09\/websitequote.png 835w, https:\/\/makesense.org\/wp-content\/uploads\/sites\/4\/2020\/09\/websitequote-300x300.png 300w, https:\/\/makesense.org\/wp-content\/uploads\/sites\/4\/2020\/09\/websitequote-150x150.png 150w, https:\/\/makesense.org\/wp-content\/uploads\/sites\/4\/2020\/09\/websitequote-768x767.png 768w\" sizes=\"(max-width: 835px) 100vw, 835px\" \/>\t\t\t<div class=\"card-2__content\">\n\n\t\t\t\t\t\t\t\t\t<div class=\"card-2__text formatted-content\">\n\t\t\t\t\t\t<p style=\"text-align: center;\">M\u00e1s de un centenar de proyectos como Too Good To Go, Ecubi, Pixpix y La Tiendita de Campo, han recibido acompa\u00f1amiento en nuestras incubadoras.<\/p>\n\t\t\t\t\t<\/div>\n\t\t\t\t\n\t\t\t<\/div>\n\t\t\n\t<\/div>\n<\/div>\n<\/div>\n<\/div>\n<\/div>\n<\/div>\n\n      <\/div>  <\/div>\n\n  <div class=\"row__layer-above\">\n      <\/div>\n\n  <\/section>\n\n\n<section id=\"organisations\" class=\"row u-pt-10 u-pr-gutter-xs u-pb-10 u-pl-gutter-xs md:u-pt-gutter-md md:u-pr-gutter-md md:u-pb-24 md:u-pl-gutter-md lg:u-pt-24 lg:u-pr-30 lg:u-pb-24 lg:u-pl-30 u-overflow-hidden u-rounded-b-xl lg:u-rounded-b-xxl \" >\n\n  <div class=\"row__bg  u-bg-dark-nest\" style=\"\"><\/div>\n\n  \n  <div class=\"row__inner\">\n    <div class=\"u-boxed-content-medium\">      \n\n<div class=\"wp-block-columns\">\n<div class=\"wp-block-column\" style=\"flex-basis:100%\">\n<div class=\"wp-block-columns are-vertically-aligned-bottom\">\n<div class=\"wp-block-column is-vertically-aligned-bottom\" style=\"flex-basis:49.3%\">\n<h2><span class=\"u-text-sahara-sand u-text-sun\">makesense for organisations<\/span><\/h2>\n<p><span class=\"u-text-white\">Para que las organizaciones puedan afrontar los retos del siglo XXI y aprovechar la coyuntura solidaria y ecol\u00f3gica, makesense les proporciona las claves y las herramientas necesarias para transformar su propio modelo y funcionamiento. Mediante consejos estrat\u00e9gicos y operacionales, la creaci\u00f3n y animaci\u00f3n de comunidades; con seminarios y formaciones, permitimos que las organizaciones se transformen de manera sostenible para que tambi\u00e9n ellas sean parte de la soluci\u00f3n.<\/span><\/p>\n<\/div>\n\n\n\n<div class=\"wp-block-column is-vertically-aligned-bottom\"><div class=\"card-2 -has-image\">\n\t<div class=\"card-2__inner\">\n\n\t\t<img width=\"835\" height=\"834\" src=\"https:\/\/makesense.org\/wp-content\/uploads\/sites\/4\/2020\/09\/organisations.png\" class=\"card-2__image\" alt=\"\" loading=\"lazy\" srcset=\"https:\/\/makesense.org\/wp-content\/uploads\/sites\/4\/2020\/09\/organisations.png 835w, https:\/\/makesense.org\/wp-content\/uploads\/sites\/4\/2020\/09\/organisations-300x300.png 300w, https:\/\/makesense.org\/wp-content\/uploads\/sites\/4\/2020\/09\/organisations-150x150.png 150w, https:\/\/makesense.org\/wp-content\/uploads\/sites\/4\/2020\/09\/organisations-768x767.png 768w\" sizes=\"(max-width: 835px) 100vw, 835px\" \/>\t\t\t<div class=\"card-2__content\">\n\n\t\t\t\t\t\t\t\t\t<div class=\"card-2__text formatted-content\">\n\t\t\t\t\t\t<p style=\"text-align: center;\">makesense Filipinas acompa\u00f1a a Sanofi en el cumplimiento de su misi\u00f3n: hacer que las personas m\u00e1s vulnerables tengan acceso a la salud. 20\u2009000 personas han podido tener acceso a la salud gracias a la colaboraci\u00f3n de 1 000 ciudadanos y de 9 empresas sociales emergentes.<\/p>\n\t\t\t\t\t<\/div>\n\t\t\t\t\n\t\t\t<\/div>\n\t\t\n\t<\/div>\n<\/div>\n<\/div>\n<\/div>\n<\/div>\n<\/div>\n\n      <\/div>  <\/div>\n\n  <div class=\"row__layer-above\">\n      <\/div>\n\n  <\/section>\n","protected":false},"excerpt":{"rendered":"","protected":false},"author":4,"featured_media":2856,"parent":0,"menu_order":0,"comment_status":"closed","ping_status":"closed","template":"","meta":[],"page_type":[],"yoast_head":"<!-- This site is optimized with the Yoast SEO plugin v18.0 - https:\/\/yoast.com\/wordpress\/plugins\/seo\/ -->\n<meta name=\"description\" content=\"(re)Empoderar! Es lo que desde siempre nos ha motivado: empoderar a todas las personas. Nuestros programas hacen posible que todos los actores sociales puedan proveerse de habilidades y competencias, y trabajar en equipo. \u00bfEl objetivo? Cambiar el sistema para cambiar el mundo.\" \/>\n<meta name=\"robots\" content=\"index, follow, max-snippet:-1, max-image-preview:large, max-video-preview:-1\" \/>\n<link rel=\"canonical\" href=\"https:\/\/makesense.org\/es\/nuestra-mision\/\" \/>\n<meta property=\"og:locale\" content=\"es_ES\" \/>\n<meta property=\"og:type\" content=\"article\" \/>\n<meta property=\"og:title\" content=\"Nuestra misi\u00f3n - makesense Global\" \/>\n<meta property=\"og:description\" content=\"(re)Empoderar! Es lo que desde siempre nos ha motivado: empoderar a todas las personas. Nuestros programas hacen posible que todos los actores sociales puedan proveerse de habilidades y competencias, y trabajar en equipo. \u00bfEl objetivo? Cambiar el sistema para cambiar el mundo.\" \/>\n<meta property=\"og:url\" content=\"https:\/\/makesense.org\/es\/nuestra-mision\/\" \/>\n<meta property=\"og:site_name\" content=\"makesense Global\" \/>\n<meta property=\"article:modified_time\" content=\"2026-05-07T13:57:21+00:00\" \/>\n<meta property=\"og:image\" content=\"https:\/\/makesense.org\/wp-content\/uploads\/sites\/4\/2020\/09\/websiteshare.png\" \/>\n\t<meta property=\"og:image:width\" content=\"1000\" \/>\n\t<meta property=\"og:image:height\" content=\"558\" \/>\n\t<meta property=\"og:image:type\" content=\"image\/png\" \/>\n<meta name=\"twitter:card\" content=\"summary_large_image\" \/>\n<meta name=\"twitter:description\" content=\"(re)Empoderar! Es lo que desde siempre nos ha motivado: empoderar a todas las personas. Nuestros programas hacen posible que todos los actores sociales puedan proveerse de habilidades y competencias, y trabajar en equipo. \u00bfEl objetivo? Cambiar el sistema para cambiar el mundo.\" \/>\n<meta name=\"twitter:image\" content=\"https:\/\/makesense.org\/wp-content\/uploads\/sites\/4\/2020\/09\/websiteshare.png\" \/>\n<meta name=\"twitter:label1\" content=\"Tiempo de lectura\" \/>\n\t<meta name=\"twitter:data1\" content=\"2 minutos\" \/>\n<script type=\"application\/ld+json\" class=\"yoast-schema-graph\">{\"@context\":\"https:\/\/schema.org\",\"@graph\":[{\"@type\":\"Organization\",\"@id\":\"https:\/\/makesense.org\/#organization\",\"name\":\"makesense\",\"url\":\"https:\/\/makesense.org\/\",\"sameAs\":[],\"logo\":{\"@type\":\"ImageObject\",\"@id\":\"https:\/\/makesense.org\/#logo\",\"inLanguage\":\"es\",\"url\":\"https:\/\/makesense.org\/wp-content\/uploads\/sites\/4\/2020\/09\/logo-makesense-dark.png\",\"contentUrl\":\"https:\/\/makesense.org\/wp-content\/uploads\/sites\/4\/2020\/09\/logo-makesense-dark.png\",\"width\":683,\"height\":113,\"caption\":\"makesense\"},\"image\":{\"@id\":\"https:\/\/makesense.org\/#logo\"}},{\"@type\":\"WebSite\",\"@id\":\"https:\/\/makesense.org\/#website\",\"url\":\"https:\/\/makesense.org\/\",\"name\":\"makesense Global\",\"description\":\"Cambiemos el mundo!\",\"publisher\":{\"@id\":\"https:\/\/makesense.org\/#organization\"},\"potentialAction\":[{\"@type\":\"SearchAction\",\"target\":{\"@type\":\"EntryPoint\",\"urlTemplate\":\"https:\/\/makesense.org\/?s={search_term_string}\"},\"query-input\":\"required name=search_term_string\"}],\"inLanguage\":\"es\"},{\"@type\":\"ImageObject\",\"@id\":\"https:\/\/makesense.org\/es\/nuestra-mision\/#primaryimage\",\"inLanguage\":\"es\",\"url\":\"https:\/\/makesense.org\/wp-content\/uploads\/sites\/4\/2020\/09\/websiteshare.png\",\"contentUrl\":\"https:\/\/makesense.org\/wp-content\/uploads\/sites\/4\/2020\/09\/websiteshare.png\",\"width\":1000,\"height\":558},{\"@type\":\"WebPage\",\"@id\":\"https:\/\/makesense.org\/es\/nuestra-mision\/#webpage\",\"url\":\"https:\/\/makesense.org\/es\/nuestra-mision\/\",\"name\":\"Nuestra misi\u00f3n - makesense Global\",\"isPartOf\":{\"@id\":\"https:\/\/makesense.org\/#website\"},\"primaryImageOfPage\":{\"@id\":\"https:\/\/makesense.org\/es\/nuestra-mision\/#primaryimage\"},\"datePublished\":\"2020-09-25T07:43:20+00:00\",\"dateModified\":\"2026-05-07T13:57:21+00:00\",\"description\":\"(re)Empoderar! Es lo que desde siempre nos ha motivado: empoderar a todas las personas. Nuestros programas hacen posible que todos los actores sociales puedan proveerse de habilidades y competencias, y trabajar en equipo. \u00bfEl objetivo? Cambiar el sistema para cambiar el mundo.\",\"breadcrumb\":{\"@id\":\"https:\/\/makesense.org\/es\/nuestra-mision\/#breadcrumb\"},\"inLanguage\":\"es\",\"potentialAction\":[{\"@type\":\"ReadAction\",\"target\":[\"https:\/\/makesense.org\/es\/nuestra-mision\/\"]}]},{\"@type\":\"BreadcrumbList\",\"@id\":\"https:\/\/makesense.org\/es\/nuestra-mision\/#breadcrumb\",\"itemListElement\":[{\"@type\":\"ListItem\",\"position\":1,\"name\":\"Home\",\"item\":\"https:\/\/makesense.org\/es\/\"},{\"@type\":\"ListItem\",\"position\":2,\"name\":\"Nuestra misi\u00f3n\"}]}]}<\/script>\n<!-- \/ Yoast SEO plugin. -->","yoast_head_json":{"description":"(re)Empoderar! Es lo que desde siempre nos ha motivado: empoderar a todas las personas. Nuestros programas hacen posible que todos los actores sociales puedan proveerse de habilidades y competencias, y trabajar en equipo. \u00bfEl objetivo? Cambiar el sistema para cambiar el mundo.","robots":{"index":"index","follow":"follow","max-snippet":"max-snippet:-1","max-image-preview":"max-image-preview:large","max-video-preview":"max-video-preview:-1"},"canonical":"https:\/\/makesense.org\/es\/nuestra-mision\/","og_locale":"es_ES","og_type":"article","og_title":"Nuestra misi\u00f3n - makesense Global","og_description":"(re)Empoderar! Es lo que desde siempre nos ha motivado: empoderar a todas las personas. Nuestros programas hacen posible que todos los actores sociales puedan proveerse de habilidades y competencias, y trabajar en equipo. \u00bfEl objetivo? Cambiar el sistema para cambiar el mundo.","og_url":"https:\/\/makesense.org\/es\/nuestra-mision\/","og_site_name":"makesense Global","article_modified_time":"2026-05-07T13:57:21+00:00","og_image":[{"width":1000,"height":558,"url":"https:\/\/makesense.org\/wp-content\/uploads\/sites\/4\/2020\/09\/websiteshare.png","type":"image\/png"}],"twitter_card":"summary_large_image","twitter_description":"(re)Empoderar! Es lo que desde siempre nos ha motivado: empoderar a todas las personas. Nuestros programas hacen posible que todos los actores sociales puedan proveerse de habilidades y competencias, y trabajar en equipo. \u00bfEl objetivo? Cambiar el sistema para cambiar el mundo.","twitter_image":"https:\/\/makesense.org\/wp-content\/uploads\/sites\/4\/2020\/09\/websiteshare.png","twitter_misc":{"Tiempo de lectura":"2 minutos"},"schema":{"@context":"https:\/\/schema.org","@graph":[{"@type":"Organization","@id":"https:\/\/makesense.org\/#organization","name":"makesense","url":"https:\/\/makesense.org\/","sameAs":[],"logo":{"@type":"ImageObject","@id":"https:\/\/makesense.org\/#logo","inLanguage":"es","url":"https:\/\/makesense.org\/wp-content\/uploads\/sites\/4\/2020\/09\/logo-makesense-dark.png","contentUrl":"https:\/\/makesense.org\/wp-content\/uploads\/sites\/4\/2020\/09\/logo-makesense-dark.png","width":683,"height":113,"caption":"makesense"},"image":{"@id":"https:\/\/makesense.org\/#logo"}},{"@type":"WebSite","@id":"https:\/\/makesense.org\/#website","url":"https:\/\/makesense.org\/","name":"makesense Global","description":"Cambiemos el mundo!","publisher":{"@id":"https:\/\/makesense.org\/#organization"},"potentialAction":[{"@type":"SearchAction","target":{"@type":"EntryPoint","urlTemplate":"https:\/\/makesense.org\/?s={search_term_string}"},"query-input":"required name=search_term_string"}],"inLanguage":"es"},{"@type":"ImageObject","@id":"https:\/\/makesense.org\/es\/nuestra-mision\/#primaryimage","inLanguage":"es","url":"https:\/\/makesense.org\/wp-content\/uploads\/sites\/4\/2020\/09\/websiteshare.png","contentUrl":"https:\/\/makesense.org\/wp-content\/uploads\/sites\/4\/2020\/09\/websiteshare.png","width":1000,"height":558},{"@type":"WebPage","@id":"https:\/\/makesense.org\/es\/nuestra-mision\/#webpage","url":"https:\/\/makesense.org\/es\/nuestra-mision\/","name":"Nuestra misi\u00f3n - makesense Global","isPartOf":{"@id":"https:\/\/makesense.org\/#website"},"primaryImageOfPage":{"@id":"https:\/\/makesense.org\/es\/nuestra-mision\/#primaryimage"},"datePublished":"2020-09-25T07:43:20+00:00","dateModified":"2026-05-07T13:57:21+00:00","description":"(re)Empoderar! Es lo que desde siempre nos ha motivado: empoderar a todas las personas. Nuestros programas hacen posible que todos los actores sociales puedan proveerse de habilidades y competencias, y trabajar en equipo. \u00bfEl objetivo? Cambiar el sistema para cambiar el mundo.","breadcrumb":{"@id":"https:\/\/makesense.org\/es\/nuestra-mision\/#breadcrumb"},"inLanguage":"es","potentialAction":[{"@type":"ReadAction","target":["https:\/\/makesense.org\/es\/nuestra-mision\/"]}]},{"@type":"BreadcrumbList","@id":"https:\/\/makesense.org\/es\/nuestra-mision\/#breadcrumb","itemListElement":[{"@type":"ListItem","position":1,"name":"Home","item":"https:\/\/makesense.org\/es\/"},{"@type":"ListItem","position":2,"name":"Nuestra misi\u00f3n"}]}]}},"acf":[],"_links":{"self":[{"href":"https:\/\/makesense.org\/es\/wp-json\/wp\/v2\/pages\/1789"}],"collection":[{"href":"https:\/\/makesense.org\/es\/wp-json\/wp\/v2\/pages"}],"about":[{"href":"https:\/\/makesense.org\/es\/wp-json\/wp\/v2\/types\/page"}],"author":[{"embeddable":true,"href":"https:\/\/makesense.org\/es\/wp-json\/wp\/v2\/users\/4"}],"replies":[{"embeddable":true,"href":"https:\/\/makesense.org\/es\/wp-json\/wp\/v2\/comments?post=1789"}],"version-history":[{"count":0,"href":"https:\/\/makesense.org\/es\/wp-json\/wp\/v2\/pages\/1789\/revisions"}],"wp:featuredmedia":[{"embeddable":true,"href":"https:\/\/makesense.org\/es\/wp-json\/wp\/v2\/media\/2856"}],"wp:attachment":[{"href":"https:\/\/makesense.org\/es\/wp-json\/wp\/v2\/media?parent=1789"}],"wp:term":[{"taxonomy":"page_type","embeddable":true,"href":"https:\/\/makesense.org\/es\/wp-json\/wp\/v2\/page_type?post=1789"}],"curies":[{"name":"wp","href":"https:\/\/api.w.org\/{rel}","templated":true}]}}