{"id":1807,"date":"2020-09-29T10:52:41","date_gmt":"2020-09-29T10:52:41","guid":{"rendered":"https:\/\/global.makesense.org\/nos-valeurs\/"},"modified":"2020-11-05T09:25:55","modified_gmt":"2020-11-05T09:25:55","slug":"nuestros-valores","status":"publish","type":"page","link":"https:\/\/makesense.org\/es\/nuestros-valores\/","title":{"rendered":"Nuestros valores"},"content":{"rendered":"<section class=\"row u-pt-10 u-pr-gutter-xs u-pb-10 u-pl-gutter-xs md:u-pt-gutter-md md:u-pr-gutter-md md:u-pb-24 md:u-pl-gutter-md lg:u-pt-gutter-md lg:u-pr-30 lg:u-pb-30 lg:u-pl-30 u-bg-background\">\n\n    <div class=\"row__layer-under\" aria-hidden=\"true\">\n        <div class=\"u-absolute-cover u-hidden sm:u-block\" style=\" background-image: url(&#039;https:\/\/makesense.org\/wp-content\/uploads\/sites\/4\/2020\/09\/websiterecurso-3-8.png&#039;); background-position: right top; background-repeat: no-repeat; background-size: 30% auto;\"><\/div>\n      <\/div>\n  \n  <div class=\"row__inner\">\n          \n\n<div class=\"wp-block-columns\">\n<div class=\"wp-block-column\" style=\"flex-basis:66.66%\">\n<h1 class=\"u-text-style-h2\">Lo qu\u00e9 hace que seamos makesense<\/h1>\n<p class=\"u-text-style-p-large\">Para desempe\u00f1ar nuestra misi\u00f3n, tenemos una manera propia de abordar nuestro trabajo. Con el ingrediente secreto que ali\u00f1a nuestros eventos, la actitud que cultivamos e irradiamos, y con la br\u00fajula que marca nuestro rumbo, nuestros valores gu\u00edan, d\u00eda a d\u00eda, todas nuestras acciones. Estos var\u00edan seg\u00fan hablemos de empleados, o de miembros de nuestra comunidad, pero en ambos casos de lo que se trata es de alentar:<\/p>\n<\/div>\n\n\n\n<div class=\"wp-block-column\" style=\"flex-basis:33.33%\"><\/div>\n<\/div>\n\n\n\n<div class=\"wp-block-columns\">\n<div class=\"wp-block-column\">\n<p class=\"u-text-style-p-large\"><span class=\"u-font-black u-font-primary u-text-roman\">Las experiencias en la vida real<\/span><\/p>\n<\/div>\n\n\n\n<div class=\"wp-block-column\">\n<p class=\"u-text-style-p-large\" style=\"text-align: left;\"><span class=\"u-font-black u-font-primary u-text-calypso\">La austeridad para preservar los recursos<\/span><\/p>\n<\/div>\n\n\n\n<div class=\"wp-block-column\">\n<p class=\"u-text-style-p-large\"><span class=\"u-text-silver-tree u-font-black u-font-primary\">La alegr\u00eda de actuar en equipo<\/span><\/p>\n<\/div>\n<\/div>\n\n\n\n<div class=\"wp-block-columns\">\n<div class=\"wp-block-column\">\n<p class=\"u-text-style-p-large\"><span class=\"u-font-black u-font-primary u-text-parsley\">La audacia para intentarlo y contribuir<\/span><\/p>\n<\/div>\n\n\n\n<div class=\"wp-block-column\">\n<p class=\"u-text-style-p-large\"><span class=\"u-font-black u-font-primary u-text-cerise-dark\">La curiosidad para aprender y comprender<\/span><\/p>\n<\/div>\n\n\n\n<div class=\"wp-block-column\">\n<p class=\"u-text-style-p-large\"><span class=\"u-font-black u-font-primary u-text-zeus\">La buena voluntad para crear confianza<\/span><\/p>\n<\/div>\n<\/div>\n\n      <\/div>\n\n  <div class=\"row__layer-above\">\n\t\t  <\/div>\n\n<\/section>\n\n<section class=\"row u-pt-10 u-pr-gutter-xs u-pb-10 u-pl-gutter-xs md:u-pt-24 md:u-pr-gutter-md md:u-pb-24 md:u-pl-gutter-md lg:u-pt-24 lg:u-pr-30 lg:u-pb-30 lg:u-pl-30 u-bg-calypso\">\n\n  \n  <div class=\"row__inner\">\n          \n<section class=\"row u-pt-10 u-pr-gutter-xs u-pb-10 u-pl-gutter-xs md:u-pt-0 md:u-pr-0 md:u-pb-0 md:u-pl-0 lg:u-pt-0 lg:u-pr-0 lg:u-pb-0 lg:u-pl-0\">\n\n  \n  <div class=\"row__inner\">\n    <div class=\"u-boxed-content-default\">      \n\n<h2 class=\"u-text-style-h1\"><span class=\"u-text-broom\">Vivir nuestra ambici\u00f3n<\/span><\/h2>\n<p class=\"u-text-style-p-large\"><span class=\"u-text-white\">Porque la \u00abcaridad bien entendida empieza por uno mismo\u00bb, hemos decidido vivir nuestra ambici\u00f3n, es decir, concebir una sociedad sostenible e inclusiva en nuestro entorno, en nuestra propia organizaci\u00f3n. Por ello, en nuestras oficinas, priorizamos el reempleo, reciclamos los desperdicios, evitamos los envases, cocinamos in situ, fabricamos muchas cosas con nuestras propias manos&#8230; En Francia, nuestras oficinas est\u00e1n abiertas a todos: las personas sin hogar pueden, por ejemplo, tomar un caf\u00e9, charlar y cargar sus celulares. <\/span><\/p>\n<p class=\"u-text-style-p-large\"><span class=\"u-text-white\">En todo lo que hacemos ponemos en pr\u00e1ctica las reglas de la comunicaci\u00f3n no violenta y alentamos la colaboraci\u00f3n, la proactividad y la alegr\u00eda. No somos perfectos (todav\u00eda podemos mejorar en cuestiones relativas a la inclusi\u00f3n y a la diversidad), pero nos esforzamos a diario para que nuestra organizaci\u00f3n progrese en el camino de la transici\u00f3n. <br \/><\/span><\/p>\n\n    <\/div>  <\/div>\n\n  <div class=\"row__layer-above\">\n\t\t  <\/div>\n\n<\/section>\n      <\/div>\n\n  <div class=\"row__layer-above\">\n\t\t  <\/div>\n\n<\/section>\n\n<section class=\"row u-pt-10 u-pr-gutter-xs u-pb-10 u-pl-gutter-xs md:u-pt-24 md:u-pr-gutter-md md:u-pb-24 md:u-pl-gutter-md lg:u-pt-30 lg:u-pr-30 lg:u-pb-30 lg:u-pl-30 u-bg-atlantis\">\n\n  \n  <div class=\"row__inner\">\n    <div class=\"u-boxed-content-default\">      \n<div class=\"testimonial\">\n\n  <blockquote class=\"testimonial__blockquote\">\n\n\t  <p><span style=\"font-weight: 400;\">No se trata de crear un futuro perfecto, ut\u00f3pico, sino <strong>un futuro que reconozca que los l\u00edmites impuestos por las circunstancias son oportunidades<\/strong> que hay que aprovechar, y que reaccione con imaginaci\u00f3n y respeto para que todo salga bien<\/span><\/p>\n\n    <footer class=\"testimonial__blockquote__footer\">\n\t    <div class=\"testimonial__name\">Rob Hopkins<\/div>\n\t        <\/footer>\n\n  <\/blockquote>\n\n  <img width=\"800\" height=\"800\" src=\"https:\/\/makesense.org\/wp-content\/uploads\/sites\/4\/2020\/09\/robhopkins.png\" class=\"testimonial__avatar\" alt=\"\" loading=\"lazy\" srcset=\"https:\/\/makesense.org\/wp-content\/uploads\/sites\/4\/2020\/09\/robhopkins.png 800w, https:\/\/makesense.org\/wp-content\/uploads\/sites\/4\/2020\/09\/robhopkins-300x300.png 300w, https:\/\/makesense.org\/wp-content\/uploads\/sites\/4\/2020\/09\/robhopkins-150x150.png 150w, https:\/\/makesense.org\/wp-content\/uploads\/sites\/4\/2020\/09\/robhopkins-768x768.png 768w\" sizes=\"(max-width: 800px) 100vw, 800px\" \/>\n<\/div>\n    <\/div>  <\/div>\n\n  <div class=\"row__layer-above\">\n\t\t<div class=\"u-absolute u-left-0 u-w-screen u-top-0\">\n\n\t<svg class=\"u-flip-y u-fill-current u-text-calypso u-hidden md:u-block\" xmlns=\"http:\/\/www.w3.org\/2000\/svg\" width=\"3258\" height=\"10\" viewBox=\"0 0 3258 10\">\n\t\t<path d=\"M0 10L162.9 0l162.9 10zm651.6 0L488.7 0 325.8 10zm325.8 0L814.5 0 651.6 10zm325.8 0L1140.3 0 977.4 10zm325.8 0L1466.1 0l-162.9 10zm325.8 0L1791.9 0 1629 10zm325.8 0L2117.7 0l-162.9 10zm325.8 0L2443.5 0l-162.9 10zm325.8 0L2769.3 0l-162.9 10zm325.8 0L3095.1 0l-162.9 10z\" \/>\n\t<\/svg>\n\n\t<svg class=\"u-flip-y u-fill-current u-text-calypso md:u-hidden\" xmlns=\"http:\/\/www.w3.org\/2000\/svg\" width=\"1040\" height=\"4\" viewBox=\"0 0 1040 4\">\n\t\t<path d=\"M389.8,0L260,4h0h260L389.8,0z M0,4l129.8-4L260,4H0z M520,4l129.8-4L780,4H520z M909.8,0L1040,4H780L909.8,0z\" \/>\n\t<\/svg>\n\n<\/div>  <\/div>\n\n<\/section>","protected":false},"excerpt":{"rendered":"","protected":false},"author":4,"featured_media":1809,"parent":0,"menu_order":0,"comment_status":"closed","ping_status":"closed","template":"","meta":[],"page_type":[],"yoast_head":"<!-- This site is optimized with the Yoast SEO plugin v18.0 - https:\/\/yoast.com\/wordpress\/plugins\/seo\/ -->\n<meta name=\"description\" content=\"Con el ingrediente secreto que ali\u00f1a nuestros eventos, la actitud que cultivamos e irradiamos, y con la br\u00fajula que marca nuestro rumbo, nuestros valores gu\u00edan, d\u00eda a d\u00eda, todas nuestras acciones.\" \/>\n<meta name=\"robots\" content=\"index, follow, max-snippet:-1, max-image-preview:large, max-video-preview:-1\" \/>\n<link rel=\"canonical\" href=\"https:\/\/makesense.org\/es\/nuestros-valores\/\" \/>\n<meta property=\"og:locale\" content=\"es_ES\" \/>\n<meta property=\"og:type\" content=\"article\" \/>\n<meta property=\"og:title\" content=\"Nuestros valores - makesense Global\" \/>\n<meta property=\"og:description\" content=\"Con el ingrediente secreto que ali\u00f1a nuestros eventos, la actitud que cultivamos e irradiamos, y con la br\u00fajula que marca nuestro rumbo, nuestros valores gu\u00edan, d\u00eda a d\u00eda, todas nuestras acciones.\" \/>\n<meta property=\"og:url\" content=\"https:\/\/makesense.org\/es\/nuestros-valores\/\" \/>\n<meta property=\"og:site_name\" content=\"makesense Global\" \/>\n<meta property=\"article:modified_time\" content=\"2020-11-05T09:25:55+00:00\" \/>\n<meta property=\"og:image\" content=\"https:\/\/makesense.org\/wp-content\/uploads\/sites\/4\/2020\/09\/websiteshare-1.png\" \/>\n\t<meta property=\"og:image:width\" content=\"2112\" \/>\n\t<meta property=\"og:image:height\" content=\"1179\" \/>\n\t<meta property=\"og:image:type\" content=\"image\/png\" \/>\n<meta name=\"twitter:card\" content=\"summary_large_image\" \/>\n<meta name=\"twitter:description\" content=\"Con el ingrediente secreto que ali\u00f1a nuestros eventos, la actitud que cultivamos e irradiamos, y con la br\u00fajula que marca nuestro rumbo, nuestros valores gu\u00edan, d\u00eda a d\u00eda, todas nuestras acciones.\" \/>\n<meta name=\"twitter:label1\" content=\"Tiempo de lectura\" \/>\n\t<meta name=\"twitter:data1\" content=\"1 minuto\" \/>\n<script type=\"application\/ld+json\" class=\"yoast-schema-graph\">{\"@context\":\"https:\/\/schema.org\",\"@graph\":[{\"@type\":\"Organization\",\"@id\":\"https:\/\/makesense.org\/#organization\",\"name\":\"makesense\",\"url\":\"https:\/\/makesense.org\/\",\"sameAs\":[],\"logo\":{\"@type\":\"ImageObject\",\"@id\":\"https:\/\/makesense.org\/#logo\",\"inLanguage\":\"es\",\"url\":\"https:\/\/makesense.org\/wp-content\/uploads\/sites\/4\/2020\/09\/logo-makesense-dark.png\",\"contentUrl\":\"https:\/\/makesense.org\/wp-content\/uploads\/sites\/4\/2020\/09\/logo-makesense-dark.png\",\"width\":683,\"height\":113,\"caption\":\"makesense\"},\"image\":{\"@id\":\"https:\/\/makesense.org\/#logo\"}},{\"@type\":\"WebSite\",\"@id\":\"https:\/\/makesense.org\/#website\",\"url\":\"https:\/\/makesense.org\/\",\"name\":\"makesense Global\",\"description\":\"Cambiemos el mundo!\",\"publisher\":{\"@id\":\"https:\/\/makesense.org\/#organization\"},\"potentialAction\":[{\"@type\":\"SearchAction\",\"target\":{\"@type\":\"EntryPoint\",\"urlTemplate\":\"https:\/\/makesense.org\/?s={search_term_string}\"},\"query-input\":\"required name=search_term_string\"}],\"inLanguage\":\"es\"},{\"@type\":\"ImageObject\",\"@id\":\"https:\/\/makesense.org\/es\/nuestros-valores\/#primaryimage\",\"inLanguage\":\"es\",\"url\":\"https:\/\/makesense.org\/wp-content\/uploads\/sites\/4\/2020\/09\/websiteshare-1.png\",\"contentUrl\":\"https:\/\/makesense.org\/wp-content\/uploads\/sites\/4\/2020\/09\/websiteshare-1.png\",\"width\":2112,\"height\":1179},{\"@type\":\"WebPage\",\"@id\":\"https:\/\/makesense.org\/es\/nuestros-valores\/#webpage\",\"url\":\"https:\/\/makesense.org\/es\/nuestros-valores\/\",\"name\":\"Nuestros valores - makesense Global\",\"isPartOf\":{\"@id\":\"https:\/\/makesense.org\/#website\"},\"primaryImageOfPage\":{\"@id\":\"https:\/\/makesense.org\/es\/nuestros-valores\/#primaryimage\"},\"datePublished\":\"2020-09-29T10:52:41+00:00\",\"dateModified\":\"2020-11-05T09:25:55+00:00\",\"description\":\"Con el ingrediente secreto que ali\u00f1a nuestros eventos, la actitud que cultivamos e irradiamos, y con la br\u00fajula que marca nuestro rumbo, nuestros valores gu\u00edan, d\u00eda a d\u00eda, todas nuestras acciones.\",\"breadcrumb\":{\"@id\":\"https:\/\/makesense.org\/es\/nuestros-valores\/#breadcrumb\"},\"inLanguage\":\"es\",\"potentialAction\":[{\"@type\":\"ReadAction\",\"target\":[\"https:\/\/makesense.org\/es\/nuestros-valores\/\"]}]},{\"@type\":\"BreadcrumbList\",\"@id\":\"https:\/\/makesense.org\/es\/nuestros-valores\/#breadcrumb\",\"itemListElement\":[{\"@type\":\"ListItem\",\"position\":1,\"name\":\"Home\",\"item\":\"https:\/\/makesense.org\/es\/\"},{\"@type\":\"ListItem\",\"position\":2,\"name\":\"Nuestros valores\"}]}]}<\/script>\n<!-- \/ Yoast SEO plugin. -->","yoast_head_json":{"description":"Con el ingrediente secreto que ali\u00f1a nuestros eventos, la actitud que cultivamos e irradiamos, y con la br\u00fajula que marca nuestro rumbo, nuestros valores gu\u00edan, d\u00eda a d\u00eda, todas nuestras acciones.","robots":{"index":"index","follow":"follow","max-snippet":"max-snippet:-1","max-image-preview":"max-image-preview:large","max-video-preview":"max-video-preview:-1"},"canonical":"https:\/\/makesense.org\/es\/nuestros-valores\/","og_locale":"es_ES","og_type":"article","og_title":"Nuestros valores - makesense Global","og_description":"Con el ingrediente secreto que ali\u00f1a nuestros eventos, la actitud que cultivamos e irradiamos, y con la br\u00fajula que marca nuestro rumbo, nuestros valores gu\u00edan, d\u00eda a d\u00eda, todas nuestras acciones.","og_url":"https:\/\/makesense.org\/es\/nuestros-valores\/","og_site_name":"makesense Global","article_modified_time":"2020-11-05T09:25:55+00:00","og_image":[{"width":2112,"height":1179,"url":"https:\/\/makesense.org\/wp-content\/uploads\/sites\/4\/2020\/09\/websiteshare-1.png","type":"image\/png"}],"twitter_card":"summary_large_image","twitter_description":"Con el ingrediente secreto que ali\u00f1a nuestros eventos, la actitud que cultivamos e irradiamos, y con la br\u00fajula que marca nuestro rumbo, nuestros valores gu\u00edan, d\u00eda a d\u00eda, todas nuestras acciones.","twitter_misc":{"Tiempo de lectura":"1 minuto"},"schema":{"@context":"https:\/\/schema.org","@graph":[{"@type":"Organization","@id":"https:\/\/makesense.org\/#organization","name":"makesense","url":"https:\/\/makesense.org\/","sameAs":[],"logo":{"@type":"ImageObject","@id":"https:\/\/makesense.org\/#logo","inLanguage":"es","url":"https:\/\/makesense.org\/wp-content\/uploads\/sites\/4\/2020\/09\/logo-makesense-dark.png","contentUrl":"https:\/\/makesense.org\/wp-content\/uploads\/sites\/4\/2020\/09\/logo-makesense-dark.png","width":683,"height":113,"caption":"makesense"},"image":{"@id":"https:\/\/makesense.org\/#logo"}},{"@type":"WebSite","@id":"https:\/\/makesense.org\/#website","url":"https:\/\/makesense.org\/","name":"makesense Global","description":"Cambiemos el mundo!","publisher":{"@id":"https:\/\/makesense.org\/#organization"},"potentialAction":[{"@type":"SearchAction","target":{"@type":"EntryPoint","urlTemplate":"https:\/\/makesense.org\/?s={search_term_string}"},"query-input":"required name=search_term_string"}],"inLanguage":"es"},{"@type":"ImageObject","@id":"https:\/\/makesense.org\/es\/nuestros-valores\/#primaryimage","inLanguage":"es","url":"https:\/\/makesense.org\/wp-content\/uploads\/sites\/4\/2020\/09\/websiteshare-1.png","contentUrl":"https:\/\/makesense.org\/wp-content\/uploads\/sites\/4\/2020\/09\/websiteshare-1.png","width":2112,"height":1179},{"@type":"WebPage","@id":"https:\/\/makesense.org\/es\/nuestros-valores\/#webpage","url":"https:\/\/makesense.org\/es\/nuestros-valores\/","name":"Nuestros valores - makesense Global","isPartOf":{"@id":"https:\/\/makesense.org\/#website"},"primaryImageOfPage":{"@id":"https:\/\/makesense.org\/es\/nuestros-valores\/#primaryimage"},"datePublished":"2020-09-29T10:52:41+00:00","dateModified":"2020-11-05T09:25:55+00:00","description":"Con el ingrediente secreto que ali\u00f1a nuestros eventos, la actitud que cultivamos e irradiamos, y con la br\u00fajula que marca nuestro rumbo, nuestros valores gu\u00edan, d\u00eda a d\u00eda, todas nuestras acciones.","breadcrumb":{"@id":"https:\/\/makesense.org\/es\/nuestros-valores\/#breadcrumb"},"inLanguage":"es","potentialAction":[{"@type":"ReadAction","target":["https:\/\/makesense.org\/es\/nuestros-valores\/"]}]},{"@type":"BreadcrumbList","@id":"https:\/\/makesense.org\/es\/nuestros-valores\/#breadcrumb","itemListElement":[{"@type":"ListItem","position":1,"name":"Home","item":"https:\/\/makesense.org\/es\/"},{"@type":"ListItem","position":2,"name":"Nuestros valores"}]}]}},"acf":[],"_links":{"self":[{"href":"https:\/\/makesense.org\/es\/wp-json\/wp\/v2\/pages\/1807"}],"collection":[{"href":"https:\/\/makesense.org\/es\/wp-json\/wp\/v2\/pages"}],"about":[{"href":"https:\/\/makesense.org\/es\/wp-json\/wp\/v2\/types\/page"}],"author":[{"embeddable":true,"href":"https:\/\/makesense.org\/es\/wp-json\/wp\/v2\/users\/4"}],"replies":[{"embeddable":true,"href":"https:\/\/makesense.org\/es\/wp-json\/wp\/v2\/comments?post=1807"}],"version-history":[{"count":0,"href":"https:\/\/makesense.org\/es\/wp-json\/wp\/v2\/pages\/1807\/revisions"}],"wp:featuredmedia":[{"embeddable":true,"href":"https:\/\/makesense.org\/es\/wp-json\/wp\/v2\/media\/1809"}],"wp:attachment":[{"href":"https:\/\/makesense.org\/es\/wp-json\/wp\/v2\/media?parent=1807"}],"wp:term":[{"taxonomy":"page_type","embeddable":true,"href":"https:\/\/makesense.org\/es\/wp-json\/wp\/v2\/page_type?post=1807"}],"curies":[{"name":"wp","href":"https:\/\/api.w.org\/{rel}","templated":true}]}}