{"id":2392,"date":"2020-10-08T14:22:34","date_gmt":"2020-10-08T14:22:34","guid":{"rendered":"https:\/\/global.makesense.org\/power-of-10\/"},"modified":"2020-11-09T11:40:43","modified_gmt":"2020-11-09T11:40:43","slug":"poder-del-10","status":"publish","type":"page","link":"https:\/\/makesense.org\/es\/poder-del-10\/","title":{"rendered":"Poder del 10"},"content":{"rendered":"<section class=\"row u-pt-10 u-pr-gutter-xs u-pb-10 u-pl-gutter-xs md:u-pt-24 md:u-pr-gutter-md md:u-pb-24 md:u-pl-gutter-md lg:u-pt-gutter-md lg:u-pr-30 lg:u-pb-gutter-md lg:u-pl-30\" style=\"background-color: #f6e9da;\">\n\n  \n  <div class=\"row__inner\">\n          \n<div class=\"group u-pt-0 u-pr-0 u-pb-0 u-pl-0 lg:u-pt-7 lg:u-pr-30 lg:u-pl-30 u-w-full\">\n\n\t\n\t<div class=\"group__inner\">\n\t\t\n\n<div class=\"wp-block-image\"><figure class=\"aligncenter size-full\"><img loading=\"lazy\" width=\"1671\" height=\"922\" src=\"https:\/\/makesense.org\/wp-content\/uploads\/sites\/4\/2020\/11\/marierecurso-11.png\" alt=\"\" class=\"wp-image-2394\" srcset=\"https:\/\/makesense.org\/wp-content\/uploads\/sites\/4\/2020\/11\/marierecurso-11.png 1671w, https:\/\/makesense.org\/wp-content\/uploads\/sites\/4\/2020\/11\/marierecurso-11-300x166.png 300w, https:\/\/makesense.org\/wp-content\/uploads\/sites\/4\/2020\/11\/marierecurso-11-1024x565.png 1024w, https:\/\/makesense.org\/wp-content\/uploads\/sites\/4\/2020\/11\/marierecurso-11-768x424.png 768w, https:\/\/makesense.org\/wp-content\/uploads\/sites\/4\/2020\/11\/marierecurso-11-1536x848.png 1536w\" sizes=\"(max-width: 1671px) 100vw, 1671px\" \/><\/figure><\/div>\n\n\n\t<\/div>\n\n<\/div>\n      <\/div>\n\n  <div class=\"row__layer-above\">\n\t\t  <\/div>\n\n<\/section>\n\n<section class=\"row u-pt-0 u-pr-gutter-xs u-pb-10 u-pl-gutter-xs sm:u-pt-0 md:u-pt-24 md:u-pr-gutter-md md:u-pb-24 md:u-pl-gutter-md lg:u-pt-gutter-md lg:u-pr-30 lg:u-pb-gutter-md lg:u-pl-30\" style=\"background-color: #f6e9da;\">\n\n  \n  <div class=\"row__inner\">\n    <div class=\"u-boxed-content-xsmall\">      \n\n<h1><span style=\"color: #2a99b2;\">makesense poder del 10<\/span><\/h1>\n<p><span style=\"font-weight: 400;\">En 2010, makesense era solo un grupo de Facebook. Hoy en d\u00eda, es una comunidad presente en 100 ciudades de 5 continentes, reconocida por sus debates ciudadanos, por sus talleres <\/span><i><span style=\"font-weight: 400;\">holdups<\/span><\/i><span style=\"font-weight: 400;\"> y sus <\/span><i><span style=\"font-weight: 400;\">sprints<\/span><\/i><span style=\"font-weight: 400;\"> de innovaci\u00f3n social, por sus programas de incubaci\u00f3n, de transformaci\u00f3n y de intraemprendimiento\u2026<\/span><\/p>\n<p><strong>Pero no es suficiente. El tiempo apremia.<br><\/strong><\/p>\n<p><span style=\"font-weight: 400;\">Nuestra ambici\u00f3n para 2030 es ir m\u00e1s r\u00e1pido, m\u00e1s lejos, multiplicar el n\u00famero de personas que act\u00faan para conseguir una sociedad sostenible e inclusiva, capacitarlas para que sus acciones sean eficaces, reagruparlas y hacer posible que sus soluciones alcancen el coraz\u00f3n del sistema. Te presentamos nuestra estrategia makesense poder del 10.<\/span><\/p>\n\n\n\n<div class=\"wp-block-image\"><figure class=\"aligncenter size-full\"><img loading=\"lazy\" width=\"2560\" height=\"1341\" src=\"https:\/\/makesense.org\/wp-content\/uploads\/sites\/4\/2020\/11\/mariemesa-de-trabajo-112-1-scaled.jpg\" alt=\"\" class=\"wp-image-2397\" srcset=\"https:\/\/makesense.org\/wp-content\/uploads\/sites\/4\/2020\/11\/mariemesa-de-trabajo-112-1-scaled.jpg 2560w, https:\/\/makesense.org\/wp-content\/uploads\/sites\/4\/2020\/11\/mariemesa-de-trabajo-112-1-300x157.jpg 300w, https:\/\/makesense.org\/wp-content\/uploads\/sites\/4\/2020\/11\/mariemesa-de-trabajo-112-1-1024x537.jpg 1024w, https:\/\/makesense.org\/wp-content\/uploads\/sites\/4\/2020\/11\/mariemesa-de-trabajo-112-1-768x402.jpg 768w, https:\/\/makesense.org\/wp-content\/uploads\/sites\/4\/2020\/11\/mariemesa-de-trabajo-112-1-1536x805.jpg 1536w, https:\/\/makesense.org\/wp-content\/uploads\/sites\/4\/2020\/11\/mariemesa-de-trabajo-112-1-2048x1073.jpg 2048w\" sizes=\"(max-width: 2560px) 100vw, 2560px\" \/><\/figure><\/div>\n\n\n\n<p><span style=\"font-weight: 400;\">Experimentar y vivir los principios de una sociedad libre, sostenible e inclusiva dentro de nuestra propia organizaci\u00f3n y de nuestra comunidad tambi\u00e9n forman parte de nuestra estrategia para los pr\u00f3ximos 10 a\u00f1os. Nuestra transici\u00f3n est\u00e1 bien encaminada gracias a la gobernanza descentralizada (decisiones de com\u00fan acuerdo, autodeterminaci\u00f3n de nuestros salarios, comunicaci\u00f3n no violenta\u2026). Vamos a proseguir con esta experimentaci\u00f3n, probando, equivoc\u00e1ndonos y volviendo a empezar; vamos a medir nuestro impacto, aplicando siempre los reajustes necesarios. Nuestra idea consiste en hacer vivir los valores en los que creemos.&nbsp;<\/span><\/p>\n<h4 class=\"u-under-bean\" style=\"text-align: center;\">\u00abVivamos y experimentemos durante 10 a\u00f1os el cambio dentro de nuestra propia organizaci\u00f3n\u00bb.<\/h4>\n\n    <\/div>  <\/div>\n\n  <div class=\"row__layer-above\">\n\t\t  <\/div>\n\n<\/section>\n\n<section class=\"row u-pt-0 u-pr-gutter-xs u-pb-0 u-pl-gutter-xs md:u-pt-0 md:u-pr-gutter-md md:u-pb-0 md:u-pl-gutter-md lg:u-pt-0 lg:u-pr-30 lg:u-pb-gutter-md lg:u-pl-30\" style=\"background-color: #f6e9da;\">\n\n  \n  <div class=\"row__inner\">\n    <div class=\"u-boxed-content-xsmall\">      \n\n<div class=\"wp-block-image\"><figure class=\"aligncenter size-full\"><img loading=\"lazy\" width=\"2560\" height=\"1342\" src=\"https:\/\/makesense.org\/wp-content\/uploads\/sites\/4\/2020\/11\/mariemesa-de-trabajo-112-copia-5-scaled.jpg\" alt=\"\" class=\"wp-image-2400\" srcset=\"https:\/\/makesense.org\/wp-content\/uploads\/sites\/4\/2020\/11\/mariemesa-de-trabajo-112-copia-5-scaled.jpg 2560w, https:\/\/makesense.org\/wp-content\/uploads\/sites\/4\/2020\/11\/mariemesa-de-trabajo-112-copia-5-300x157.jpg 300w, https:\/\/makesense.org\/wp-content\/uploads\/sites\/4\/2020\/11\/mariemesa-de-trabajo-112-copia-5-1024x537.jpg 1024w, https:\/\/makesense.org\/wp-content\/uploads\/sites\/4\/2020\/11\/mariemesa-de-trabajo-112-copia-5-768x403.jpg 768w, https:\/\/makesense.org\/wp-content\/uploads\/sites\/4\/2020\/11\/mariemesa-de-trabajo-112-copia-5-1536x805.jpg 1536w, https:\/\/makesense.org\/wp-content\/uploads\/sites\/4\/2020\/11\/mariemesa-de-trabajo-112-copia-5-2048x1074.jpg 2048w\" sizes=\"(max-width: 2560px) 100vw, 2560px\" \/><\/figure><\/div>\n\n\n\n<p><span style=\"font-weight: 400;\">Llevamos 10 a\u00f1os acompa\u00f1ando a los l\u00edderes de soluciones y creando comunidades comprometidas que permiten que el mayor n\u00famero posible de personas implementen nuevas ideas. Con el campus, pretendemos robustecer el marco te\u00f3rico tras estos a\u00f1os de pr\u00e1ctica y formalizar las ense\u00f1anzas emp\u00edricas para poder transmitirlas a aquellas personas que est\u00e1n cambiando el mundo. Las ONG, los entes p\u00fablicos, las empresas privadas, los emprendedores, eslabones esenciales de nuestra sociedad, podr\u00e1n beneficiarse de contenidos, m\u00e9todos y recursos en l\u00ednea, de acceso abierto, y podr\u00e1n disfrutar de programas de acompa\u00f1amiento y de formaciones personalizadas para multiplicar su propio impacto.<\/span><\/p>\n<h4 class=\"u-under-bean\" style=\"text-align: center;\">\u00abEn los pr\u00f3ximos 10 a\u00f1os, en el campus de makesense capacitemos a miles de profesionales con nuestras herramientas y para crear comunidades y emprender con impacto\u00bb.<\/h4>\n\n    <\/div>  <\/div>\n\n  <div class=\"row__layer-above\">\n\t\t  <\/div>\n\n<\/section>\n\n<section class=\"row u-pt-0 u-pr-gutter-xs u-pb-0 u-pl-gutter-xs md:u-pt-0 md:u-pr-gutter-md md:u-pb-0 md:u-pl-gutter-md lg:u-pt-0 lg:u-pr-30 lg:u-pb-gutter-md lg:u-pl-30\" style=\"background-color: #f6e9da;\">\n\n  \n  <div class=\"row__inner\">\n    <div class=\"u-boxed-content-xsmall\">      \n\n<figure class=\"wp-block-image size-full\"><img loading=\"lazy\" width=\"2560\" height=\"1342\" src=\"https:\/\/makesense.org\/wp-content\/uploads\/sites\/4\/2020\/11\/mariemesa-de-trabajo-112-copia-2-2-scaled.jpg\" alt=\"\" class=\"wp-image-2403\" srcset=\"https:\/\/makesense.org\/wp-content\/uploads\/sites\/4\/2020\/11\/mariemesa-de-trabajo-112-copia-2-2-scaled.jpg 2560w, https:\/\/makesense.org\/wp-content\/uploads\/sites\/4\/2020\/11\/mariemesa-de-trabajo-112-copia-2-2-300x157.jpg 300w, https:\/\/makesense.org\/wp-content\/uploads\/sites\/4\/2020\/11\/mariemesa-de-trabajo-112-copia-2-2-1024x537.jpg 1024w, https:\/\/makesense.org\/wp-content\/uploads\/sites\/4\/2020\/11\/mariemesa-de-trabajo-112-copia-2-2-768x403.jpg 768w, https:\/\/makesense.org\/wp-content\/uploads\/sites\/4\/2020\/11\/mariemesa-de-trabajo-112-copia-2-2-1536x805.jpg 1536w, https:\/\/makesense.org\/wp-content\/uploads\/sites\/4\/2020\/11\/mariemesa-de-trabajo-112-copia-2-2-2048x1074.jpg 2048w\" sizes=\"(max-width: 2560px) 100vw, 2560px\" \/><\/figure>\n\n\n\n<p><span style=\"font-weight: 400;\">El compromiso ya no es suficiente. Hoy en d\u00eda, la acci\u00f3n ciudadana, incluida la movilizaci\u00f3n de todos los actores, s\u00f3lo tiene sentido si se inscribe en una din\u00e1mica de cooperaci\u00f3n. Por lo tanto, en los pr\u00f3ximos a\u00f1os, pondremos toda nuestra energ\u00eda para que un determinado sector o \u00e1rea pueda dar el paso; contribuiremos o crearemos coaliciones tem\u00e1ticas con la mayor cantidad posible de socios para permanecer unidos y otorgarnos de manera colectiva los medios para provocar un cambio sist\u00e9mico.&nbsp;<\/span><\/p>\n<h4 class=\"u-under-bean\" style=\"text-align: center;\">\u00abConcentr\u00e9monos 10 veces m\u00e1s en nuestro esfuerzo colectivo gracias a las coaliciones tem\u00e1ticas\u00bb.<\/h4>\n\n    <\/div>  <\/div>\n\n  <div class=\"row__layer-above\">\n\t\t  <\/div>\n\n<\/section>\n\n<section class=\"row u-pt-0 u-pr-gutter-xs u-pb-10 u-pl-gutter-xs md:u-pt-0 md:u-pr-gutter-md md:u-pb-24 md:u-pl-gutter-md lg:u-pt-0 lg:u-pr-30 lg:u-pb-30 lg:u-pl-30\" style=\"background-color: #f6e9da;\">\n\n  \n  <div class=\"row__inner\">\n    <div class=\"u-boxed-content-xsmall\">      \n\n<div class=\"wp-block-image\"><figure class=\"aligncenter size-large\"><img loading=\"lazy\" width=\"1024\" height=\"537\" src=\"https:\/\/makesense.org\/wp-content\/uploads\/sites\/4\/2020\/11\/mariemesa-de-trabajo-112-copia-3-2-1024x537.jpg\" alt=\"\" class=\"wp-image-2406\" srcset=\"https:\/\/makesense.org\/wp-content\/uploads\/sites\/4\/2020\/11\/mariemesa-de-trabajo-112-copia-3-2-1024x537.jpg 1024w, https:\/\/makesense.org\/wp-content\/uploads\/sites\/4\/2020\/11\/mariemesa-de-trabajo-112-copia-3-2-300x157.jpg 300w, https:\/\/makesense.org\/wp-content\/uploads\/sites\/4\/2020\/11\/mariemesa-de-trabajo-112-copia-3-2-768x403.jpg 768w, https:\/\/makesense.org\/wp-content\/uploads\/sites\/4\/2020\/11\/mariemesa-de-trabajo-112-copia-3-2-1536x805.jpg 1536w, https:\/\/makesense.org\/wp-content\/uploads\/sites\/4\/2020\/11\/mariemesa-de-trabajo-112-copia-3-2-2048x1074.jpg 2048w\" sizes=\"(max-width: 1024px) 100vw, 1024px\" \/><\/figure><\/div>\n\n\n\n<p><span style=\"font-weight: 400;\">Experimentar y vivir los principios de una sociedad libre, sostenible e inclusiva dentro de nuestra propia organizaci\u00f3n y de nuestra comunidad tambi\u00e9n forman parte de nuestra estrategia para los pr\u00f3ximos 10 a\u00f1os. Nuestra transici\u00f3n est\u00e1 bien encaminada gracias a la gobernanza descentralizada (decisiones de com\u00fan acuerdo, autodeterminaci\u00f3n de nuestros salarios, comunicaci\u00f3n no violenta\u2026). Vamos a proseguir con esta experimentaci\u00f3n, probando, equivoc\u00e1ndonos y volviendo a empezar; vamos a medir nuestro impacto, aplicando siempre los reajustes necesarios. Nuestra idea consiste en hacer vivir los valores en los que creemos.\u00a0<\/span><\/p>\n<h4 class=\"u-under-bean\" style=\"text-align: center;\">\u00abVivamos y experimentemos durante 10 a\u00f1os el cambio dentro de nuestra propia organizaci\u00f3n\u00bb.<\/h4>\n<p><\/p>\n<p class=\"u-text-style-h4\"><span class=\"u-text-white\" style=\"background-color: #744b82;\">Durante estos pr\u00f3ximos 10 a\u00f1os, vamos a actuar colectivamente con fuerza, a medir el impacto, a ampliar la comunidad de activistas optimistas hasta la marca del 10\u2009%&#8230; Y as\u00ed cambiaremos el mundo. <br \/><\/span><\/p>\n<p><a class=\"btn\" href=\"https:\/\/makesense.org\/es\/manifeste\/\"><b>Descubre c\u00f3mo lo haremos<\/b><\/a><\/p>\n\n    <\/div>  <\/div>\n\n  <div class=\"row__layer-above\">\n\t\t  <\/div>\n\n<\/section>","protected":false},"excerpt":{"rendered":"","protected":false},"author":4,"featured_media":2306,"parent":0,"menu_order":0,"comment_status":"closed","ping_status":"closed","template":"","meta":[],"page_type":[],"yoast_head":"<!-- This site is optimized with the Yoast SEO plugin v18.0 - https:\/\/yoast.com\/wordpress\/plugins\/seo\/ -->\n<meta name=\"description\" content=\"Nuestra ambici\u00f3n para 2030 es ir m\u00e1s r\u00e1pido, m\u00e1s lejos, multiplicar el n\u00famero de personas que act\u00faan para lograr una sociedad sostenible e inclusiva.\" \/>\n<meta name=\"robots\" content=\"index, follow, max-snippet:-1, max-image-preview:large, max-video-preview:-1\" \/>\n<link rel=\"canonical\" href=\"https:\/\/makesense.org\/es\/poder-del-10\/\" \/>\n<meta property=\"og:locale\" content=\"es_ES\" \/>\n<meta property=\"og:type\" content=\"article\" \/>\n<meta property=\"og:title\" content=\"Poder del 10 - makesense Global\" \/>\n<meta property=\"og:description\" content=\"Nuestra ambici\u00f3n para 2030 es ir m\u00e1s r\u00e1pido, m\u00e1s lejos, multiplicar el n\u00famero de personas que act\u00faan para lograr una sociedad sostenible e inclusiva.\" \/>\n<meta property=\"og:url\" content=\"https:\/\/makesense.org\/es\/poder-del-10\/\" \/>\n<meta property=\"og:site_name\" content=\"makesense Global\" \/>\n<meta property=\"article:modified_time\" content=\"2020-11-09T11:40:43+00:00\" \/>\n<meta property=\"og:image\" content=\"https:\/\/makesense.org\/wp-content\/uploads\/sites\/4\/2020\/11\/pusisance10.png\" \/>\n\t<meta property=\"og:image:width\" content=\"1868\" \/>\n\t<meta property=\"og:image:height\" content=\"933\" \/>\n\t<meta property=\"og:image:type\" content=\"image\/png\" \/>\n<meta name=\"twitter:card\" content=\"summary_large_image\" \/>\n<meta name=\"twitter:label1\" content=\"Tiempo de lectura\" \/>\n\t<meta name=\"twitter:data1\" content=\"3 minutos\" \/>\n<script type=\"application\/ld+json\" class=\"yoast-schema-graph\">{\"@context\":\"https:\/\/schema.org\",\"@graph\":[{\"@type\":\"Organization\",\"@id\":\"https:\/\/makesense.org\/#organization\",\"name\":\"makesense\",\"url\":\"https:\/\/makesense.org\/\",\"sameAs\":[],\"logo\":{\"@type\":\"ImageObject\",\"@id\":\"https:\/\/makesense.org\/#logo\",\"inLanguage\":\"es\",\"url\":\"https:\/\/makesense.org\/wp-content\/uploads\/sites\/4\/2020\/09\/logo-makesense-dark.png\",\"contentUrl\":\"https:\/\/makesense.org\/wp-content\/uploads\/sites\/4\/2020\/09\/logo-makesense-dark.png\",\"width\":683,\"height\":113,\"caption\":\"makesense\"},\"image\":{\"@id\":\"https:\/\/makesense.org\/#logo\"}},{\"@type\":\"WebSite\",\"@id\":\"https:\/\/makesense.org\/#website\",\"url\":\"https:\/\/makesense.org\/\",\"name\":\"makesense Global\",\"description\":\"Cambiemos el mundo!\",\"publisher\":{\"@id\":\"https:\/\/makesense.org\/#organization\"},\"potentialAction\":[{\"@type\":\"SearchAction\",\"target\":{\"@type\":\"EntryPoint\",\"urlTemplate\":\"https:\/\/makesense.org\/?s={search_term_string}\"},\"query-input\":\"required name=search_term_string\"}],\"inLanguage\":\"es\"},{\"@type\":\"ImageObject\",\"@id\":\"https:\/\/makesense.org\/es\/poder-del-10\/#primaryimage\",\"inLanguage\":\"es\",\"url\":\"https:\/\/makesense.org\/wp-content\/uploads\/sites\/4\/2020\/11\/pusisance10.png\",\"contentUrl\":\"https:\/\/makesense.org\/wp-content\/uploads\/sites\/4\/2020\/11\/pusisance10.png\",\"width\":1868,\"height\":933},{\"@type\":\"WebPage\",\"@id\":\"https:\/\/makesense.org\/es\/poder-del-10\/#webpage\",\"url\":\"https:\/\/makesense.org\/es\/poder-del-10\/\",\"name\":\"Poder del 10 - makesense Global\",\"isPartOf\":{\"@id\":\"https:\/\/makesense.org\/#website\"},\"primaryImageOfPage\":{\"@id\":\"https:\/\/makesense.org\/es\/poder-del-10\/#primaryimage\"},\"datePublished\":\"2020-10-08T14:22:34+00:00\",\"dateModified\":\"2020-11-09T11:40:43+00:00\",\"description\":\"Nuestra ambici\u00f3n para 2030 es ir m\u00e1s r\u00e1pido, m\u00e1s lejos, multiplicar el n\u00famero de personas que act\u00faan para lograr una sociedad sostenible e inclusiva.\",\"breadcrumb\":{\"@id\":\"https:\/\/makesense.org\/es\/poder-del-10\/#breadcrumb\"},\"inLanguage\":\"es\",\"potentialAction\":[{\"@type\":\"ReadAction\",\"target\":[\"https:\/\/makesense.org\/es\/poder-del-10\/\"]}]},{\"@type\":\"BreadcrumbList\",\"@id\":\"https:\/\/makesense.org\/es\/poder-del-10\/#breadcrumb\",\"itemListElement\":[{\"@type\":\"ListItem\",\"position\":1,\"name\":\"Home\",\"item\":\"https:\/\/makesense.org\/es\/\"},{\"@type\":\"ListItem\",\"position\":2,\"name\":\"Poder del 10\"}]}]}<\/script>\n<!-- \/ Yoast SEO plugin. -->","yoast_head_json":{"description":"Nuestra ambici\u00f3n para 2030 es ir m\u00e1s r\u00e1pido, m\u00e1s lejos, multiplicar el n\u00famero de personas que act\u00faan para lograr una sociedad sostenible e inclusiva.","robots":{"index":"index","follow":"follow","max-snippet":"max-snippet:-1","max-image-preview":"max-image-preview:large","max-video-preview":"max-video-preview:-1"},"canonical":"https:\/\/makesense.org\/es\/poder-del-10\/","og_locale":"es_ES","og_type":"article","og_title":"Poder del 10 - makesense Global","og_description":"Nuestra ambici\u00f3n para 2030 es ir m\u00e1s r\u00e1pido, m\u00e1s lejos, multiplicar el n\u00famero de personas que act\u00faan para lograr una sociedad sostenible e inclusiva.","og_url":"https:\/\/makesense.org\/es\/poder-del-10\/","og_site_name":"makesense Global","article_modified_time":"2020-11-09T11:40:43+00:00","og_image":[{"width":1868,"height":933,"url":"https:\/\/makesense.org\/wp-content\/uploads\/sites\/4\/2020\/11\/pusisance10.png","type":"image\/png"}],"twitter_card":"summary_large_image","twitter_misc":{"Tiempo de lectura":"3 minutos"},"schema":{"@context":"https:\/\/schema.org","@graph":[{"@type":"Organization","@id":"https:\/\/makesense.org\/#organization","name":"makesense","url":"https:\/\/makesense.org\/","sameAs":[],"logo":{"@type":"ImageObject","@id":"https:\/\/makesense.org\/#logo","inLanguage":"es","url":"https:\/\/makesense.org\/wp-content\/uploads\/sites\/4\/2020\/09\/logo-makesense-dark.png","contentUrl":"https:\/\/makesense.org\/wp-content\/uploads\/sites\/4\/2020\/09\/logo-makesense-dark.png","width":683,"height":113,"caption":"makesense"},"image":{"@id":"https:\/\/makesense.org\/#logo"}},{"@type":"WebSite","@id":"https:\/\/makesense.org\/#website","url":"https:\/\/makesense.org\/","name":"makesense Global","description":"Cambiemos el mundo!","publisher":{"@id":"https:\/\/makesense.org\/#organization"},"potentialAction":[{"@type":"SearchAction","target":{"@type":"EntryPoint","urlTemplate":"https:\/\/makesense.org\/?s={search_term_string}"},"query-input":"required name=search_term_string"}],"inLanguage":"es"},{"@type":"ImageObject","@id":"https:\/\/makesense.org\/es\/poder-del-10\/#primaryimage","inLanguage":"es","url":"https:\/\/makesense.org\/wp-content\/uploads\/sites\/4\/2020\/11\/pusisance10.png","contentUrl":"https:\/\/makesense.org\/wp-content\/uploads\/sites\/4\/2020\/11\/pusisance10.png","width":1868,"height":933},{"@type":"WebPage","@id":"https:\/\/makesense.org\/es\/poder-del-10\/#webpage","url":"https:\/\/makesense.org\/es\/poder-del-10\/","name":"Poder del 10 - makesense Global","isPartOf":{"@id":"https:\/\/makesense.org\/#website"},"primaryImageOfPage":{"@id":"https:\/\/makesense.org\/es\/poder-del-10\/#primaryimage"},"datePublished":"2020-10-08T14:22:34+00:00","dateModified":"2020-11-09T11:40:43+00:00","description":"Nuestra ambici\u00f3n para 2030 es ir m\u00e1s r\u00e1pido, m\u00e1s lejos, multiplicar el n\u00famero de personas que act\u00faan para lograr una sociedad sostenible e inclusiva.","breadcrumb":{"@id":"https:\/\/makesense.org\/es\/poder-del-10\/#breadcrumb"},"inLanguage":"es","potentialAction":[{"@type":"ReadAction","target":["https:\/\/makesense.org\/es\/poder-del-10\/"]}]},{"@type":"BreadcrumbList","@id":"https:\/\/makesense.org\/es\/poder-del-10\/#breadcrumb","itemListElement":[{"@type":"ListItem","position":1,"name":"Home","item":"https:\/\/makesense.org\/es\/"},{"@type":"ListItem","position":2,"name":"Poder del 10"}]}]}},"acf":[],"_links":{"self":[{"href":"https:\/\/makesense.org\/es\/wp-json\/wp\/v2\/pages\/2392"}],"collection":[{"href":"https:\/\/makesense.org\/es\/wp-json\/wp\/v2\/pages"}],"about":[{"href":"https:\/\/makesense.org\/es\/wp-json\/wp\/v2\/types\/page"}],"author":[{"embeddable":true,"href":"https:\/\/makesense.org\/es\/wp-json\/wp\/v2\/users\/4"}],"replies":[{"embeddable":true,"href":"https:\/\/makesense.org\/es\/wp-json\/wp\/v2\/comments?post=2392"}],"version-history":[{"count":0,"href":"https:\/\/makesense.org\/es\/wp-json\/wp\/v2\/pages\/2392\/revisions"}],"wp:featuredmedia":[{"embeddable":true,"href":"https:\/\/makesense.org\/es\/wp-json\/wp\/v2\/media\/2306"}],"wp:attachment":[{"href":"https:\/\/makesense.org\/es\/wp-json\/wp\/v2\/media?parent=2392"}],"wp:term":[{"taxonomy":"page_type","embeddable":true,"href":"https:\/\/makesense.org\/es\/wp-json\/wp\/v2\/page_type?post=2392"}],"curies":[{"name":"wp","href":"https:\/\/api.w.org\/{rel}","templated":true}]}}