{"id":2437,"date":"2020-11-06T15:48:37","date_gmt":"2020-11-06T15:48:37","guid":{"rendered":"https:\/\/global.makesense.org\/manifeste\/"},"modified":"2020-11-20T16:01:11","modified_gmt":"2020-11-20T16:01:11","slug":"manifeste","status":"publish","type":"page","link":"https:\/\/makesense.org\/es\/manifeste\/","title":{"rendered":"Manifesto"},"content":{"rendered":"<section class=\"row u-pt-0 u-pr-0 u-pb-0 u-pl-0 md:u-pt-0 md:u-pr-0 md:u-pb-0 md:u-pl-0 lg:u-pt-0 lg:u-pr-0 lg:u-pb-0 lg:u-pl-0\">\n\n  \n  <div class=\"row__inner\">\n          \n\n<figure class=\"wp-block-image size-full\"><img loading=\"lazy\" width=\"2432\" height=\"579\" src=\"https:\/\/makesense.org\/wp-content\/uploads\/sites\/4\/2020\/10\/websitewide-screen-picture-4.png\" alt=\"\" class=\"wp-image-1261\" srcset=\"https:\/\/makesense.org\/wp-content\/uploads\/sites\/4\/2020\/10\/websitewide-screen-picture-4.png 2432w, https:\/\/makesense.org\/wp-content\/uploads\/sites\/4\/2020\/10\/websitewide-screen-picture-4-300x71.png 300w, https:\/\/makesense.org\/wp-content\/uploads\/sites\/4\/2020\/10\/websitewide-screen-picture-4-1024x244.png 1024w, https:\/\/makesense.org\/wp-content\/uploads\/sites\/4\/2020\/10\/websitewide-screen-picture-4-768x183.png 768w, https:\/\/makesense.org\/wp-content\/uploads\/sites\/4\/2020\/10\/websitewide-screen-picture-4-1536x366.png 1536w, https:\/\/makesense.org\/wp-content\/uploads\/sites\/4\/2020\/10\/websitewide-screen-picture-4-2048x488.png 2048w\" sizes=\"(max-width: 2432px) 100vw, 2432px\" \/><\/figure>\n\n      <\/div>\n\n  <div class=\"row__layer-above\">\n\t\t  <\/div>\n\n<\/section>\n\n<section class=\"row u-pt-10 u-pr-gutter-xs u-pb-10 u-pl-gutter-xs md:u-pt-24 md:u-pr-gutter-md md:u-pb-24 md:u-pl-gutter-md lg:u-pt-24 lg:u-pr-30 lg:u-pb-30 lg:u-pl-30\">\n\n  \n  <div class=\"row__inner\">\n    <div class=\"u-boxed-content-xsmall\">      \n\n<h1><span class=\"u-text-cerise-dark\">10 a\u00f1os para cambiar de mundo<\/span><\/h1>\n<p><strong>Al comienzo de la aventura: una vuelta al mundo, bicicletas, c\u00e1maras, grupos de Facebook. Nuestro <i>pitch<\/i> cabe en un <em>post-it<\/em>: makesense otorga visibilidad a las innovaciones sociales y solidarias de norte a sur, conecta ciudadanos y emprendedores, y los ayuda a superar desaf\u00edos; makesense crea una comunidad mundial en torno a la persona. Estamos en 2010 y tenemos la firme convicci\u00f3n de que el emprendimiento social puede salvar el mundo. Somos j\u00f3venes, todo es novedoso, alentador, la temperatura media del planeta est\u00e1 todav\u00eda por debajo de los 2\u2009\u00b0C.<\/strong><\/p>\n<p><span style=\"font-weight: 400;\">Durante estos 10 primeros a\u00f1os, nuestras actividades giran alrededor de dos puntos centrales: el emprendimiento social y la comunidad, ambos elaborados con nuestras propias herramientas basadas en la inteligencia colectiva, la colaboraci\u00f3n y la alegr\u00eda. Los ciudadanos prestan ayuda a emprendedores, inventamos itinerarios de acompa\u00f1amiento para profesionales, desarrollamos incubadoras, creamos un fondo de inversi\u00f3n, conectamos a grandes empresas con emprendedores sociales, ONG\u2026 Si analizamos las cifras, no hay nada de lo que avergonzarnos. En 10 a\u00f1os, hemos permitido que 200\u2009000 ciudadanas y ciudadanos act\u00faen sobre aquellos retos concretos que les conciernen, hemos acelerado los proyectos de 8\u2009000 emprendedores y emprendedoras y empresas emergentes con impacto, y hemos acompa\u00f1ado a 10\u2009000 colaboradoras y colaboradores de empresas y organizaciones para que se comprometan a\u00fan m\u00e1s. <\/span><\/p>\n\n\n\n<figure class=\"wp-block-image alignwide size-full\"><img loading=\"lazy\" width=\"1920\" height=\"1087\" src=\"https:\/\/makesense.org\/wp-content\/uploads\/sites\/4\/2020\/11\/2015-10-24-sensecamp-washington-dc-picture-by-mariia-berezina-photography-8.jpg\" alt=\"\" class=\"wp-image-2429\" srcset=\"https:\/\/makesense.org\/wp-content\/uploads\/sites\/4\/2020\/11\/2015-10-24-sensecamp-washington-dc-picture-by-mariia-berezina-photography-8.jpg 1920w, https:\/\/makesense.org\/wp-content\/uploads\/sites\/4\/2020\/11\/2015-10-24-sensecamp-washington-dc-picture-by-mariia-berezina-photography-8-300x170.jpg 300w, https:\/\/makesense.org\/wp-content\/uploads\/sites\/4\/2020\/11\/2015-10-24-sensecamp-washington-dc-picture-by-mariia-berezina-photography-8-1024x580.jpg 1024w, https:\/\/makesense.org\/wp-content\/uploads\/sites\/4\/2020\/11\/2015-10-24-sensecamp-washington-dc-picture-by-mariia-berezina-photography-8-768x435.jpg 768w, https:\/\/makesense.org\/wp-content\/uploads\/sites\/4\/2020\/11\/2015-10-24-sensecamp-washington-dc-picture-by-mariia-berezina-photography-8-1536x870.jpg 1536w\" sizes=\"(max-width: 1920px) 100vw, 1920px\" \/><\/figure>\n\n\n<div class=\"space -height-xs-default -height-sm-default -height-md-default -height-lg-default\" aria-hidden=\"true\"><\/div>\n\n\n<h4>Pero \u00bfhemos conseguido cambiar el sistema? Nuestra utop\u00eda inicial ha hecho que nos planteemos un cierto n\u00famero de cuestiones:<\/h4>\n<ul>\n<li><span style=\"font-weight: 400;\">El compromiso de la ciudadan\u00eda que se dispersa entre miles de personas no es suficiente para cambiar una sociedad estancada en la carrera por alcanzar el rendimiento econ\u00f3mico.<br><em>\u00bfC\u00f3mo federar la energ\u00eda, cambiar los modos de actuaci\u00f3n y organizar la movilizaci\u00f3n para lograr un verdadero punto de inflexi\u00f3n?&nbsp;<\/em><\/span><\/li>\n<li><span style=\"font-weight: 400;\">El emprendimiento social no act\u00faa en pie de igualdad con los grandes actores econ\u00f3micos. En algunos pa\u00edses, la condici\u00f3n de emprendedor o emprendedora social ni siquiera existe.<br><em>\u00bfC\u00f3mo podemos equiparnos para jugar en primera divisi\u00f3n?&nbsp;<\/em><\/span><\/li>\n<li><span style=\"font-weight: 400;\">En ocasiones, la innovaci\u00f3n social da a entender que hay una soluci\u00f3n para todos los problemas y que el \u00abprogreso\u00bb podr\u00e1 salvarlo todo.<br><em>\u00bfC\u00f3mo podemos llegar m\u00e1s lejos con menos y aprender a adaptarnos a las crisis que se avecinan?&nbsp;<\/em><\/span><\/li>\n<\/ul>\n<p><span style=\"font-weight: 400;\">Y aqu\u00ed estamos, en 2020. El clima est\u00e1 descontrolado, las desigualdades se agudizan, los recursos naturales se agotan, las crisis se encadenan, la COVID-19 contagia. Los pr\u00f3ximos 10 a\u00f1os ser\u00e1n cruciales para transformar a fondo nuestros modelos de producci\u00f3n, de trabajo, de consumo y de vida en comunidad.&nbsp;<\/span><\/p>\n<p><span style=\"font-weight: 400;\">El tiempo apremia, pero no nos desmoralizamos. Somos unos optimistas incansables, trabajamos por un mundo inclusivo y sostenible, y, sin ingenuidad alguna, creemos que s\u00ed est\u00e1 a nuestro alcance. Para conseguirlo, pretendemos dedicar estos pr\u00f3ximos 10 a\u00f1os a\u2026<\/span><\/p>\n<h4>(re)Empoderar<\/h4>\n<p><span style=\"font-weight: 400;\">Desde siempre hemos tenido la profunda convicci\u00f3n de que cada persona es apta y digna si se le concede el tiempo necesario para que aprenda, para que tome sabias decisiones en aras del bien com\u00fan.<\/span><\/p>\n<p><i><span style=\"font-weight: 400;\">Gracias a nuestra f\u00e1brica de movilizaci\u00f3n ciudadana vamos a inspirar, a proveer habilidades y competencias, y a capacitar para que a\u00f1o tras a\u00f1o cientos de miles de personas pasen a la acci\u00f3n hasta que, en 2030, consigamos movilizar al 10<\/span><\/i><span style=\"font-weight: 400;\">\u2009<\/span><i><span style=\"font-weight: 400;\">% de la juventud.<\/span><\/i><\/p>\n<h4>Construir la resiliencia<\/h4>\n<p>El hecho de depender de grandes estructuras centralizadas hace que seamos vulnerables a los choques sist\u00e9micos de envergadura. Por el contrario, entretejer v\u00ednculos horizontales de interdependencia entre todos los actores sociales no solo nos permite afrontar las crisis, sino tambi\u00e9n encontrar soluciones m\u00e1s sostenibles y adaptadas a tales situaciones.<\/p>\n<p><em>Durante los pr\u00f3ximos 10 a\u00f1os, en el campus de makesense vamos a capacitar a miles de profesionales con nuestras herramientas y saber hacer para crear comunidades y acompa\u00f1ar a quienes lideran las soluciones.<\/em><\/p>\n<h4>Movilizar masivamente<\/h4>\n<p>Las acciones individuales son insuficientes, pero cuando estas se duplican a mansalva y se plantean colectivamente consiguen transformar la sociedad.<\/p>\n<p><em>Concentr\u00e9monos 10 veces m\u00e1s en nuestro esfuerzo colectivo gracias a las coaliciones tem\u00e1ticas llevadas a cabo con el mayor n\u00famero posible de colaboraciones: ONG, entes p\u00fablicos, empresas privadas, emprendedoras y emprendedores&#8230;<\/em><\/p>\n<p><i><span style=\"font-weight: 400;\">Hagamos que cada persona comprometida movilice a <\/span><\/i><b><i>10<\/i><\/b><i><span style=\"font-weight: 400;\"> personas para que estas \u00faltimas, a su vez, movilicen a otras <\/span><\/i><b><i>10.<\/i><\/b><\/p>\n<h4>Cultivar la imaginaci\u00f3n<\/h4>\n<p>Esto nos parece esencial: tenemos que cultivar la imaginaci\u00f3n y la alegr\u00eda para no estancarnos en el presente, para deshacernos del estupor y activarnos, para crear otras alternativas posibles.<\/p>\n<p><em>Vamos a conservar y a robustecer nuestro planteamiento positivo y l\u00fadico, y a multiplicar nuevos relatos con el apoyo de artistas, escritoras y escritores, pensadoras y pensadores\u2026<\/em><\/p>\n<p><em>Vamos a experimentar durante 10 a\u00f1os la transici\u00f3n dentro de nuestra propia organizaci\u00f3n y a demostrar que esta nos hace felices y libres.<\/em><\/p>\n<p class=\"u-text-style-h2 u-text-style-h3\"><span class=\"u-text-calypso\">Tenemos 10 a\u00f1os por delante para preparar al mundo a cambiar el mundo. \u00a1Estamos listos! <br><\/span><\/p>\n<p><a class=\"btn\" href=\"https:\/\/makesense.org\/es\/poder-del-10\/\">Descubre nuestra estrategia Poder del 10<\/a><\/p>\n\n    <\/div>  <\/div>\n\n  <div class=\"row__layer-above\">\n\t\t  <\/div>\n\n<\/section>","protected":false},"excerpt":{"rendered":"","protected":false},"author":4,"featured_media":2440,"parent":0,"menu_order":0,"comment_status":"closed","ping_status":"closed","template":"","meta":[],"page_type":[],"yoast_head":"<!-- This site is optimized with the Yoast SEO plugin v18.0 - https:\/\/yoast.com\/wordpress\/plugins\/seo\/ -->\n<meta name=\"description\" content=\"Tenemos 10 a\u00f1os para preparar al mundo a cambiar de mundo. \u00a1Estamos listos!\" \/>\n<meta name=\"robots\" content=\"index, follow, max-snippet:-1, max-image-preview:large, max-video-preview:-1\" \/>\n<link rel=\"canonical\" href=\"https:\/\/makesense.org\/es\/manifeste\/\" \/>\n<meta property=\"og:locale\" content=\"es_ES\" \/>\n<meta property=\"og:type\" content=\"article\" \/>\n<meta property=\"og:title\" content=\"Manifesto - makesense Global\" \/>\n<meta property=\"og:description\" content=\"Tenemos 10 a\u00f1os para preparar al mundo a cambiar de mundo. \u00a1Estamos listos!\" \/>\n<meta property=\"og:url\" content=\"https:\/\/makesense.org\/es\/manifeste\/\" \/>\n<meta property=\"og:site_name\" content=\"makesense Global\" \/>\n<meta property=\"article:modified_time\" content=\"2020-11-20T16:01:11+00:00\" \/>\n<meta property=\"og:image\" content=\"https:\/\/makesense.org\/wp-content\/uploads\/sites\/4\/2020\/11\/mariemesa-de-trabajo-112-copia-5-3-scaled.jpg\" \/>\n\t<meta property=\"og:image:width\" content=\"2560\" \/>\n\t<meta property=\"og:image:height\" content=\"1341\" \/>\n\t<meta property=\"og:image:type\" content=\"image\/jpeg\" \/>\n<meta name=\"twitter:card\" content=\"summary_large_image\" \/>\n<meta name=\"twitter:label1\" content=\"Tiempo de lectura\" \/>\n\t<meta name=\"twitter:data1\" content=\"4 minutos\" \/>\n<script type=\"application\/ld+json\" class=\"yoast-schema-graph\">{\"@context\":\"https:\/\/schema.org\",\"@graph\":[{\"@type\":\"Organization\",\"@id\":\"https:\/\/makesense.org\/#organization\",\"name\":\"makesense\",\"url\":\"https:\/\/makesense.org\/\",\"sameAs\":[],\"logo\":{\"@type\":\"ImageObject\",\"@id\":\"https:\/\/makesense.org\/#logo\",\"inLanguage\":\"es\",\"url\":\"https:\/\/makesense.org\/wp-content\/uploads\/sites\/4\/2020\/09\/logo-makesense-dark.png\",\"contentUrl\":\"https:\/\/makesense.org\/wp-content\/uploads\/sites\/4\/2020\/09\/logo-makesense-dark.png\",\"width\":683,\"height\":113,\"caption\":\"makesense\"},\"image\":{\"@id\":\"https:\/\/makesense.org\/#logo\"}},{\"@type\":\"WebSite\",\"@id\":\"https:\/\/makesense.org\/#website\",\"url\":\"https:\/\/makesense.org\/\",\"name\":\"makesense Global\",\"description\":\"Cambiemos el mundo!\",\"publisher\":{\"@id\":\"https:\/\/makesense.org\/#organization\"},\"potentialAction\":[{\"@type\":\"SearchAction\",\"target\":{\"@type\":\"EntryPoint\",\"urlTemplate\":\"https:\/\/makesense.org\/?s={search_term_string}\"},\"query-input\":\"required name=search_term_string\"}],\"inLanguage\":\"es\"},{\"@type\":\"ImageObject\",\"@id\":\"https:\/\/makesense.org\/es\/manifeste\/#primaryimage\",\"inLanguage\":\"es\",\"url\":\"https:\/\/makesense.org\/wp-content\/uploads\/sites\/4\/2020\/11\/mariemesa-de-trabajo-112-copia-5-3-scaled.jpg\",\"contentUrl\":\"https:\/\/makesense.org\/wp-content\/uploads\/sites\/4\/2020\/11\/mariemesa-de-trabajo-112-copia-5-3-scaled.jpg\",\"width\":2560,\"height\":1341},{\"@type\":\"WebPage\",\"@id\":\"https:\/\/makesense.org\/es\/manifeste\/#webpage\",\"url\":\"https:\/\/makesense.org\/es\/manifeste\/\",\"name\":\"Manifesto - makesense Global\",\"isPartOf\":{\"@id\":\"https:\/\/makesense.org\/#website\"},\"primaryImageOfPage\":{\"@id\":\"https:\/\/makesense.org\/es\/manifeste\/#primaryimage\"},\"datePublished\":\"2020-11-06T15:48:37+00:00\",\"dateModified\":\"2020-11-20T16:01:11+00:00\",\"description\":\"Tenemos 10 a\u00f1os para preparar al mundo a cambiar de mundo. \u00a1Estamos listos!\",\"breadcrumb\":{\"@id\":\"https:\/\/makesense.org\/es\/manifeste\/#breadcrumb\"},\"inLanguage\":\"es\",\"potentialAction\":[{\"@type\":\"ReadAction\",\"target\":[\"https:\/\/makesense.org\/es\/manifeste\/\"]}]},{\"@type\":\"BreadcrumbList\",\"@id\":\"https:\/\/makesense.org\/es\/manifeste\/#breadcrumb\",\"itemListElement\":[{\"@type\":\"ListItem\",\"position\":1,\"name\":\"Home\",\"item\":\"https:\/\/makesense.org\/es\/\"},{\"@type\":\"ListItem\",\"position\":2,\"name\":\"Manifesto\"}]}]}<\/script>\n<!-- \/ Yoast SEO plugin. -->","yoast_head_json":{"description":"Tenemos 10 a\u00f1os para preparar al mundo a cambiar de mundo. \u00a1Estamos listos!","robots":{"index":"index","follow":"follow","max-snippet":"max-snippet:-1","max-image-preview":"max-image-preview:large","max-video-preview":"max-video-preview:-1"},"canonical":"https:\/\/makesense.org\/es\/manifeste\/","og_locale":"es_ES","og_type":"article","og_title":"Manifesto - makesense Global","og_description":"Tenemos 10 a\u00f1os para preparar al mundo a cambiar de mundo. \u00a1Estamos listos!","og_url":"https:\/\/makesense.org\/es\/manifeste\/","og_site_name":"makesense Global","article_modified_time":"2020-11-20T16:01:11+00:00","og_image":[{"width":2560,"height":1341,"url":"https:\/\/makesense.org\/wp-content\/uploads\/sites\/4\/2020\/11\/mariemesa-de-trabajo-112-copia-5-3-scaled.jpg","type":"image\/jpeg"}],"twitter_card":"summary_large_image","twitter_misc":{"Tiempo de lectura":"4 minutos"},"schema":{"@context":"https:\/\/schema.org","@graph":[{"@type":"Organization","@id":"https:\/\/makesense.org\/#organization","name":"makesense","url":"https:\/\/makesense.org\/","sameAs":[],"logo":{"@type":"ImageObject","@id":"https:\/\/makesense.org\/#logo","inLanguage":"es","url":"https:\/\/makesense.org\/wp-content\/uploads\/sites\/4\/2020\/09\/logo-makesense-dark.png","contentUrl":"https:\/\/makesense.org\/wp-content\/uploads\/sites\/4\/2020\/09\/logo-makesense-dark.png","width":683,"height":113,"caption":"makesense"},"image":{"@id":"https:\/\/makesense.org\/#logo"}},{"@type":"WebSite","@id":"https:\/\/makesense.org\/#website","url":"https:\/\/makesense.org\/","name":"makesense Global","description":"Cambiemos el mundo!","publisher":{"@id":"https:\/\/makesense.org\/#organization"},"potentialAction":[{"@type":"SearchAction","target":{"@type":"EntryPoint","urlTemplate":"https:\/\/makesense.org\/?s={search_term_string}"},"query-input":"required name=search_term_string"}],"inLanguage":"es"},{"@type":"ImageObject","@id":"https:\/\/makesense.org\/es\/manifeste\/#primaryimage","inLanguage":"es","url":"https:\/\/makesense.org\/wp-content\/uploads\/sites\/4\/2020\/11\/mariemesa-de-trabajo-112-copia-5-3-scaled.jpg","contentUrl":"https:\/\/makesense.org\/wp-content\/uploads\/sites\/4\/2020\/11\/mariemesa-de-trabajo-112-copia-5-3-scaled.jpg","width":2560,"height":1341},{"@type":"WebPage","@id":"https:\/\/makesense.org\/es\/manifeste\/#webpage","url":"https:\/\/makesense.org\/es\/manifeste\/","name":"Manifesto - makesense Global","isPartOf":{"@id":"https:\/\/makesense.org\/#website"},"primaryImageOfPage":{"@id":"https:\/\/makesense.org\/es\/manifeste\/#primaryimage"},"datePublished":"2020-11-06T15:48:37+00:00","dateModified":"2020-11-20T16:01:11+00:00","description":"Tenemos 10 a\u00f1os para preparar al mundo a cambiar de mundo. \u00a1Estamos listos!","breadcrumb":{"@id":"https:\/\/makesense.org\/es\/manifeste\/#breadcrumb"},"inLanguage":"es","potentialAction":[{"@type":"ReadAction","target":["https:\/\/makesense.org\/es\/manifeste\/"]}]},{"@type":"BreadcrumbList","@id":"https:\/\/makesense.org\/es\/manifeste\/#breadcrumb","itemListElement":[{"@type":"ListItem","position":1,"name":"Home","item":"https:\/\/makesense.org\/es\/"},{"@type":"ListItem","position":2,"name":"Manifesto"}]}]}},"acf":[],"_links":{"self":[{"href":"https:\/\/makesense.org\/es\/wp-json\/wp\/v2\/pages\/2437"}],"collection":[{"href":"https:\/\/makesense.org\/es\/wp-json\/wp\/v2\/pages"}],"about":[{"href":"https:\/\/makesense.org\/es\/wp-json\/wp\/v2\/types\/page"}],"author":[{"embeddable":true,"href":"https:\/\/makesense.org\/es\/wp-json\/wp\/v2\/users\/4"}],"replies":[{"embeddable":true,"href":"https:\/\/makesense.org\/es\/wp-json\/wp\/v2\/comments?post=2437"}],"version-history":[{"count":0,"href":"https:\/\/makesense.org\/es\/wp-json\/wp\/v2\/pages\/2437\/revisions"}],"wp:featuredmedia":[{"embeddable":true,"href":"https:\/\/makesense.org\/es\/wp-json\/wp\/v2\/media\/2440"}],"wp:attachment":[{"href":"https:\/\/makesense.org\/es\/wp-json\/wp\/v2\/media?parent=2437"}],"wp:term":[{"taxonomy":"page_type","embeddable":true,"href":"https:\/\/makesense.org\/es\/wp-json\/wp\/v2\/page_type?post=2437"}],"curies":[{"name":"wp","href":"https:\/\/api.w.org\/{rel}","templated":true}]}}